{"id":14766,"date":"2023-04-03T12:03:08","date_gmt":"2023-04-03T16:03:08","guid":{"rendered":"https:\/\/latinopoint.grupobitnet.com\/?page_id=14766"},"modified":"2025-02-25T13:26:58","modified_gmt":"2025-02-25T17:26:58","slug":"quienes-somos-2","status":"publish","type":"page","link":"https:\/\/latinopoint.grupobitnet.com\/de\/quienes-somos-2\/","title":{"rendered":"\u00dcber uns"},"content":{"rendered":"<div data-elementor-type=\"wp-page\" data-elementor-id=\"14766\" class=\"elementor elementor-14766\" data-elementor-post-type=\"page\">\n\t\t\t\t\t\t<section class=\"elementor-section elementor-top-section elementor-element elementor-element-f9d9ad4 elementor-section-full_width elementor-section-height-default elementor-section-height-default\" data-id=\"f9d9ad4\" data-element_type=\"section\" data-settings=\"{&quot;background_background&quot;:&quot;classic&quot;}\">\n\t\t\t\t\t\t<div class=\"elementor-container elementor-column-gap-default\">\n\t\t\t\t\t<div class=\"elementor-column elementor-col-100 elementor-top-column elementor-element elementor-element-667b3d3\" data-id=\"667b3d3\" data-element_type=\"column\">\n\t\t\t<div class=\"elementor-widget-wrap elementor-element-populated\">\n\t\t\t\t\t\t<div class=\"elementor-element elementor-element-92bd8b5 elementor-widget elementor-widget-woocommerce-breadcrumb\" data-id=\"92bd8b5\" data-element_type=\"widget\" data-widget_type=\"woocommerce-breadcrumb.default\">\n\t\t\t\t<div class=\"elementor-widget-container\">\n\t\t\t\t\t<nav class=\"woocommerce-breadcrumb\" aria-label=\"Breadcrumb\" data-no-translation=\"\" data-trp-gettext=\"\">Startseite<\/nav>\t\t\t\t<\/div>\n\t\t\t\t<\/div>\n\t\t\t\t\t<\/div>\n\t\t<\/div>\n\t\t\t\t\t<\/div>\n\t\t<\/section>\n\t\t\t\t<section class=\"elementor-section elementor-top-section elementor-element elementor-element-3e866cd elementor-section-boxed elementor-section-height-default elementor-section-height-default\" data-id=\"3e866cd\" data-element_type=\"section\">\n\t\t\t\t\t\t<div class=\"elementor-container elementor-column-gap-default\">\n\t\t\t\t\t<div class=\"elementor-column elementor-col-100 elementor-top-column elementor-element elementor-element-77a2cab\" data-id=\"77a2cab\" data-element_type=\"column\">\n\t\t\t<div class=\"elementor-widget-wrap elementor-element-populated\">\n\t\t\t\t\t\t<div class=\"elementor-element elementor-element-a47955c elementor-widget elementor-widget-image\" data-id=\"a47955c\" data-element_type=\"widget\" data-widget_type=\"image.default\">\n\t\t\t\t<div class=\"elementor-widget-container\">\n\t\t\t\t\t\t\t\t\t\t\t\t\t\t\t<img fetchpriority=\"high\" decoding=\"async\" width=\"1170\" height=\"540\" src=\"https:\/\/latinopoint.grupobitnet.com\/wp-content\/uploads\/2023\/04\/Latino-point-supermarkt.jpg\" class=\"attachment-full size-full wp-image-14802\" alt=\"\" \/>\t\t\t\t\t\t\t\t\t\t\t\t\t\t\t<\/div>\n\t\t\t\t<\/div>\n\t\t\t\t<div class=\"elementor-element elementor-element-eb7e6a2 elementor-widget elementor-widget-heading\" data-id=\"eb7e6a2\" data-element_type=\"widget\" data-widget_type=\"heading.default\">\n\t\t\t\t<div class=\"elementor-widget-container\">\n\t\t\t\t\t<h2 class=\"elementor-heading-title elementor-size-default\">Wir sind der Treffpunkt der lateinamerikanischen Kultur und des Geschmacks.<\/h2>\t\t\t\t<\/div>\n\t\t\t\t<\/div>\n\t\t\t\t<div class=\"elementor-element elementor-element-8f7d703 elementor-widget elementor-widget-text-editor\" data-id=\"8f7d703\" data-element_type=\"widget\" data-widget_type=\"text-editor.default\">\n\t\t\t\t<div class=\"elementor-widget-container\">\n\t\t\t\t\t\t\t\t\tAls ich 2007 ausgewandert bin, wusste ich nicht, dass das Fehlen der Geschm\u00e4cker, mit denen ich aufgewachsen bin, eine Konstante in meinem Leben hier in Deutschland sein w\u00fcrde. Deshalb begann ich nach M\u00f6glichkeiten zu suchen, die es mir erm\u00f6glichen w\u00fcrden, den lateinamerikanischen Geschmack, an den ich gew\u00f6hnt bin, wieder zu genie\u00dfen. So entstand die Idee, den Latino Point zu gr\u00fcnden: einen Supermarkt, der die lateinamerikanische Kultur n\u00e4her an Deutschland heranbringt.\n\n\t\t\t\t\t\t\t\t<\/div>\n\t\t\t\t<\/div>\n\t\t\t\t<div class=\"elementor-element elementor-element-c87d5ae elementor-widget elementor-widget-image\" data-id=\"c87d5ae\" data-element_type=\"widget\" data-widget_type=\"image.default\">\n\t\t\t\t<div class=\"elementor-widget-container\">\n\t\t\t\t\t\t\t\t\t\t\t\t\t\t\t<img decoding=\"async\" width=\"228\" height=\"129\" src=\"https:\/\/latinopoint.grupobitnet.com\/wp-content\/uploads\/2023\/04\/latino-point.png\" class=\"attachment-large size-large wp-image-14824\" alt=\"\" \/>\t\t\t\t\t\t\t\t\t\t\t\t\t\t\t<\/div>\n\t\t\t\t<\/div>\n\t\t\t\t\t<\/div>\n\t\t<\/div>\n\t\t\t\t\t<\/div>\n\t\t<\/section>\n\t\t\t\t<section class=\"elementor-section elementor-top-section elementor-element elementor-element-ef321d9 elementor-section-boxed elementor-section-height-default elementor-section-height-default\" data-id=\"ef321d9\" data-element_type=\"section\" data-settings=\"{&quot;background_background&quot;:&quot;classic&quot;}\">\n\t\t\t\t\t\t<div class=\"elementor-container elementor-column-gap-default\">\n\t\t\t\t\t<div class=\"elementor-column elementor-col-33 elementor-top-column elementor-element elementor-element-7210406\" data-id=\"7210406\" data-element_type=\"column\">\n\t\t\t<div class=\"elementor-widget-wrap elementor-element-populated\">\n\t\t\t\t\t\t<div class=\"elementor-element elementor-element-ac9d158 elementor-widget elementor-widget-image\" data-id=\"ac9d158\" data-element_type=\"widget\" data-widget_type=\"image.default\">\n\t\t\t\t<div class=\"elementor-widget-container\">\n\t\t\t\t\t\t\t\t\t\t\t\t\t\t\t<img decoding=\"async\" width=\"48\" height=\"48\" src=\"https:\/\/latinopoint.grupobitnet.com\/wp-content\/uploads\/2023\/04\/souvenirs.png\" class=\"attachment-large size-large wp-image-14836\" alt=\"\" \/>\t\t\t\t\t\t\t\t\t\t\t\t\t\t\t<\/div>\n\t\t\t\t<\/div>\n\t\t\t\t<div class=\"elementor-element elementor-element-5d13c90 elementor-widget elementor-widget-heading\" data-id=\"5d13c90\" data-element_type=\"widget\" data-widget_type=\"heading.default\">\n\t\t\t\t<div class=\"elementor-widget-container\">\n\t\t\t\t\t<h2 class=\"elementor-heading-title elementor-size-default\">Souvenirs und Kunsthandwerk\n<\/h2>\t\t\t\t<\/div>\n\t\t\t\t<\/div>\n\t\t\t\t<div class=\"elementor-element elementor-element-7cd5884 elementor-widget elementor-widget-text-editor\" data-id=\"7cd5884\" data-element_type=\"widget\" data-widget_type=\"text-editor.default\">\n\t\t\t\t<div class=\"elementor-widget-container\">\n\t\t\t\t\t\t\t\t\tDie besten Geschenke zum Verschenken oder um Ihrem Zuhause einen Hauch von lateinischer Farbe zu verleihen.\n\n\t\t\t\t\t\t\t\t<\/div>\n\t\t\t\t<\/div>\n\t\t\t\t\t<\/div>\n\t\t<\/div>\n\t\t\t\t<div class=\"elementor-column elementor-col-33 elementor-top-column elementor-element elementor-element-48fd378\" data-id=\"48fd378\" data-element_type=\"column\">\n\t\t\t<div class=\"elementor-widget-wrap elementor-element-populated\">\n\t\t\t\t\t\t<div class=\"elementor-element elementor-element-7fdb425 elementor-widget elementor-widget-image\" data-id=\"7fdb425\" data-element_type=\"widget\" data-widget_type=\"image.default\">\n\t\t\t\t<div class=\"elementor-widget-container\">\n\t\t\t\t\t\t\t\t\t\t\t\t\t\t\t<img loading=\"lazy\" decoding=\"async\" width=\"48\" height=\"48\" src=\"https:\/\/latinopoint.grupobitnet.com\/wp-content\/uploads\/2023\/04\/marcas.png\" class=\"attachment-large size-large wp-image-14835\" alt=\"\" \/>\t\t\t\t\t\t\t\t\t\t\t\t\t\t\t<\/div>\n\t\t\t\t<\/div>\n\t\t\t\t<div class=\"elementor-element elementor-element-c2350b3 elementor-widget elementor-widget-heading\" data-id=\"c2350b3\" data-element_type=\"widget\" data-widget_type=\"heading.default\">\n\t\t\t\t<div class=\"elementor-widget-container\">\n\t\t\t\t\t<h2 class=\"elementor-heading-title elementor-size-default\">Traditionelle Marken\n<\/h2>\t\t\t\t<\/div>\n\t\t\t\t<\/div>\n\t\t\t\t<div class=\"elementor-element elementor-element-721d3f0 elementor-widget elementor-widget-text-editor\" data-id=\"721d3f0\" data-element_type=\"widget\" data-widget_type=\"text-editor.default\">\n\t\t\t\t<div class=\"elementor-widget-container\">\n\t\t\t\t\t\t\t\t\tTypische Produkte und Marken unserer lateinamerikanischen L\u00e4nder, die wir Ihnen anbieten.\t\t\t\t\t\t\t\t<\/div>\n\t\t\t\t<\/div>\n\t\t\t\t\t<\/div>\n\t\t<\/div>\n\t\t\t\t<div class=\"elementor-column elementor-col-33 elementor-top-column elementor-element elementor-element-db9104c\" data-id=\"db9104c\" data-element_type=\"column\">\n\t\t\t<div class=\"elementor-widget-wrap elementor-element-populated\">\n\t\t\t\t\t\t<div class=\"elementor-element elementor-element-5072004 elementor-widget elementor-widget-image\" data-id=\"5072004\" data-element_type=\"widget\" data-widget_type=\"image.default\">\n\t\t\t\t<div class=\"elementor-widget-container\">\n\t\t\t\t\t\t\t\t\t\t\t\t\t\t\t<img loading=\"lazy\" decoding=\"async\" width=\"48\" height=\"48\" src=\"https:\/\/latinopoint.grupobitnet.com\/wp-content\/uploads\/2023\/04\/cultura-latina.png\" class=\"attachment-large size-large wp-image-14834\" alt=\"\" \/>\t\t\t\t\t\t\t\t\t\t\t\t\t\t\t<\/div>\n\t\t\t\t<\/div>\n\t\t\t\t<div class=\"elementor-element elementor-element-4c80187 elementor-widget elementor-widget-heading\" data-id=\"4c80187\" data-element_type=\"widget\" data-widget_type=\"heading.default\">\n\t\t\t\t<div class=\"elementor-widget-container\">\n\t\t\t\t\t<h2 class=\"elementor-heading-title elementor-size-default\">Lateinische Kultur\n<\/h2>\t\t\t\t<\/div>\n\t\t\t\t<\/div>\n\t\t\t\t<div class=\"elementor-element elementor-element-459ff71 elementor-widget elementor-widget-text-editor\" data-id=\"459ff71\" data-element_type=\"widget\" data-widget_type=\"text-editor.default\">\n\t\t\t\t<div class=\"elementor-widget-container\">\n\t\t\t\t\t\t\t\t\tLernen Sie neue Geschmacksrichtungen kennen und entdecken Sie mit uns die lateinamerikanische Kultur.\t\t\t\t\t\t\t\t<\/div>\n\t\t\t\t<\/div>\n\t\t\t\t\t<\/div>\n\t\t<\/div>\n\t\t\t\t\t<\/div>\n\t\t<\/section>\n\t\t\t\t<\/div>","protected":false},"excerpt":{"rendered":"<p>Somos el punto donde se encuentran la cultura y el sabor latino Cuando emigr\u00e9 en 2007, no sabia que extra\u00f1ar los sabores con los que crec\u00ed iba a ser una constante en mi vida aqu\u00ed en Alemania, es por ello que comenc\u00e9 a buscar opciones que me permitieran disfrutar nuevamente del sabor latino al que [&hellip;]<\/p>","protected":false},"author":1,"featured_media":0,"parent":0,"menu_order":0,"comment_status":"closed","ping_status":"closed","template":"elementor_header_footer","meta":{"footnotes":""},"class_list":["post-14766","page","type-page","status-publish","hentry"],"_links":{"self":[{"href":"https:\/\/latinopoint.grupobitnet.com\/de\/wp-json\/wp\/v2\/pages\/14766","targetHints":{"allow":["GET"]}}],"collection":[{"href":"https:\/\/latinopoint.grupobitnet.com\/de\/wp-json\/wp\/v2\/pages"}],"about":[{"href":"https:\/\/latinopoint.grupobitnet.com\/de\/wp-json\/wp\/v2\/types\/page"}],"author":[{"embeddable":true,"href":"https:\/\/latinopoint.grupobitnet.com\/de\/wp-json\/wp\/v2\/users\/1"}],"replies":[{"embeddable":true,"href":"https:\/\/latinopoint.grupobitnet.com\/de\/wp-json\/wp\/v2\/comments?post=14766"}],"version-history":[{"count":55,"href":"https:\/\/latinopoint.grupobitnet.com\/de\/wp-json\/wp\/v2\/pages\/14766\/revisions"}],"predecessor-version":[{"id":14848,"href":"https:\/\/latinopoint.grupobitnet.com\/de\/wp-json\/wp\/v2\/pages\/14766\/revisions\/14848"}],"wp:attachment":[{"href":"https:\/\/latinopoint.grupobitnet.com\/de\/wp-json\/wp\/v2\/media?parent=14766"}],"curies":[{"name":"wp","href":"https:\/\/api.w.org\/{rel}","templated":true}]}}