{"id":17743,"date":"2025-10-16T22:55:00","date_gmt":"2025-10-17T02:55:00","guid":{"rendered":"https:\/\/latinopoint.grupobitnet.com\/?page_id=17743"},"modified":"2025-10-16T22:59:43","modified_gmt":"2025-10-17T02:59:43","slug":"terminos-condiciones","status":"publish","type":"page","link":"https:\/\/latinopoint.grupobitnet.com\/de\/terminos-condiciones\/","title":{"rendered":"T\u00e9rminos &amp; Condiciones"},"content":{"rendered":"<div data-elementor-type=\"wp-page\" data-elementor-id=\"17743\" class=\"elementor elementor-17743\" data-elementor-post-type=\"page\">\n\t\t\t\t\t\t<section class=\"elementor-section elementor-top-section elementor-element elementor-element-4982dd77 elementor-section-boxed elementor-section-height-default elementor-section-height-default\" data-id=\"4982dd77\" data-element_type=\"section\">\n\t\t\t\t\t\t<div class=\"elementor-container elementor-column-gap-default\">\n\t\t\t\t\t<div class=\"elementor-column elementor-col-100 elementor-top-column elementor-element elementor-element-76f45c4a\" data-id=\"76f45c4a\" data-element_type=\"column\">\n\t\t\t<div class=\"elementor-widget-wrap elementor-element-populated\">\n\t\t\t\t\t\t<div class=\"elementor-element elementor-element-5943be4 elementor-widget elementor-widget-spacer\" data-id=\"5943be4\" data-element_type=\"widget\" data-widget_type=\"spacer.default\">\n\t\t\t\t<div class=\"elementor-widget-container\">\n\t\t\t\t\t\t\t<div class=\"elementor-spacer\">\n\t\t\t<div class=\"elementor-spacer-inner\"><\/div>\n\t\t<\/div>\n\t\t\t\t\t\t<\/div>\n\t\t\t\t<\/div>\n\t\t\t\t<div class=\"elementor-element elementor-element-483d827 elementor-widget elementor-widget-heading\" data-id=\"483d827\" data-element_type=\"widget\" data-widget_type=\"heading.default\">\n\t\t\t\t<div class=\"elementor-widget-container\">\n\t\t\t\t\t<h1 class=\"elementor-heading-title elementor-size-default\">Allgemeine Gesch\u00e4ftsbedingungen und Kundeninformationen <\/h1>\t\t\t\t<\/div>\n\t\t\t\t<\/div>\n\t\t\t\t<div class=\"elementor-element elementor-element-a72fb4e elementor-widget elementor-widget-text-editor\" data-id=\"a72fb4e\" data-element_type=\"widget\" data-widget_type=\"text-editor.default\">\n\t\t\t\t<div class=\"elementor-widget-container\">\n\t\t\t\t\t\t\t\t\t<p>Die Allgemeinen Gesch\u00e4ftsbedingungen von Latino Point (nachfolgend \"Verk\u00e4ufer\" genannt), gelten f\u00fcr alle Vertr\u00e4ge, die eine nat\u00fcrliche oder juristische Person (nachfolgend \"Verbraucher\" genannt) mit dem Verk\u00e4ufer im Zusammenhang mit seinem Online-Shop abschlie\u00dft. Abweichende Bedingungen erkennt der Verk\u00e4ufer nicht an, es sei denn, er h\u00e4tte ausdr\u00fccklich schriftlich ihrer Geltung zugestimmt.<\/p>\t\t\t\t\t\t\t\t<\/div>\n\t\t\t\t<\/div>\n\t\t\t\t<div class=\"elementor-element elementor-element-18deb4d elementor-widget elementor-widget-text-editor\" data-id=\"18deb4d\" data-element_type=\"widget\" data-widget_type=\"text-editor.default\">\n\t\t\t\t<div class=\"elementor-widget-container\">\n\t\t\t\t\t\t\t\t\t<p>Die hier angebotenen Produkte werden mit einer Beschreibung durch den Verk\u00e4ufer im Online-Shop pr\u00e4sentiert. Der Verbraucher nimmt Bestellungen \u00fcber die Website an und gibt sie auf, indem er die Produkte, die ihn interessieren, in den Warenkorb legt. Um eine Bestellung aufzugeben, f\u00fcllt der Verbraucher ein Formular mit seinen pers\u00f6nlichen Daten aus (Name, Adresse, E-Mail-Adresse, Telefonnummer, Zahlungsmethode usw.), der Verbraucher akzeptiert mit einem Klick den Kauf der in seinem Warenkorb enthaltenen Produkte und schlie\u00dft den Kauf ab.  Vor dem Abschluss des Kaufs werden alle pers\u00f6nlichen und Bestelldaten zur Best\u00e4tigung angezeigt, im Falle eines Fehlers kann der Verbraucher sie durch die Option zum \u00c4ndern korrigieren. Der Verbraucher ist daf\u00fcr verantwortlich, dass alle angegebenen Daten richtig und wahrheitsgem\u00e4\u00df geschrieben und \u00fcberpr\u00fcft werden.<\/p>\t\t\t\t\t\t\t\t<\/div>\n\t\t\t\t<\/div>\n\t\t\t\t<div class=\"elementor-element elementor-element-a285d74 elementor-widget elementor-widget-text-editor\" data-id=\"a285d74\" data-element_type=\"widget\" data-widget_type=\"text-editor.default\">\n\t\t\t\t<div class=\"elementor-widget-container\">\n\t\t\t\t\t\t\t\t\t<p>Innerhalb von 24 Stunden sendet der Verk\u00e4ufer eine E-Mail an den Verbraucher, die den Kauf best\u00e4tigt. Es liegt in der Verantwortung des Verbrauchers, zu \u00fcberpr\u00fcfen, ob die E-Mail angekommen ist und, falls Sie einen Spam-Filter haben, zu \u00fcberpr\u00fcfen, ob die E-Mail in Ihrem Spam-Ordner liegt.<\/p>\t\t\t\t\t\t\t\t<\/div>\n\t\t\t\t<\/div>\n\t\t\t\t<div class=\"elementor-element elementor-element-4ce1dfc elementor-widget elementor-widget-text-editor\" data-id=\"4ce1dfc\" data-element_type=\"widget\" data-widget_type=\"text-editor.default\">\n\t\t\t\t<div class=\"elementor-widget-container\">\n\t\t\t\t\t\t\t\t\t<p>Die Bestellung wird automatisch auf der Website des Verk\u00e4ufers archiviert. Der Verbraucher kann jederzeit Ihren Kauf \u00fcber die Website des Verk\u00e4ufers zu konsultieren, f\u00fcr diese m\u00fcssen Sie Ihr Konto und Passwort eingeben, die zuvor erstellt, um die Bestellung aufzugeben.<\/p>\t\t\t\t\t\t\t\t<\/div>\n\t\t\t\t<\/div>\n\t\t\t\t<div class=\"elementor-element elementor-element-75b95f7 elementor-widget elementor-widget-heading\" data-id=\"75b95f7\" data-element_type=\"widget\" data-widget_type=\"heading.default\">\n\t\t\t\t<div class=\"elementor-widget-container\">\n\t\t\t\t\t<h1 class=\"elementor-heading-title elementor-size-default\">Zahlungsbedingungen <\/h1>\t\t\t\t<\/div>\n\t\t\t\t<\/div>\n\t\t\t\t<div class=\"elementor-element elementor-element-2f1af3b elementor-widget elementor-widget-text-editor\" data-id=\"2f1af3b\" data-element_type=\"widget\" data-widget_type=\"text-editor.default\">\n\t\t\t\t<div class=\"elementor-widget-container\">\n\t\t\t\t\t\t\t\t\t<p>Die auf der Website dargestellten Preise enthalten die gesetzliche Mehrwertsteuer. Versandkosten fallen zus\u00e4tzlich an und werden vor der Kaufabwicklung separat ausgewiesen.<\/p>\t\t\t\t\t\t\t\t<\/div>\n\t\t\t\t<\/div>\n\t\t\t\t<div class=\"elementor-element elementor-element-47d7eb1 elementor-widget elementor-widget-text-editor\" data-id=\"47d7eb1\" data-element_type=\"widget\" data-widget_type=\"text-editor.default\">\n\t\t\t\t<div class=\"elementor-widget-container\">\n\t\t\t\t\t\t\t\t\t<p>Dem Verbraucher stehen verschiedene Zahlungsm\u00f6glichkeiten zur Verf\u00fcgung: Diese Zahlungsm\u00f6glichkeiten sind auf unserer Website verf\u00fcgbar und werden \u00fcber ein Drittunternehmen abgewickelt.<\/p>\t\t\t\t\t\t\t\t<\/div>\n\t\t\t\t<\/div>\n\t\t\t\t<div class=\"elementor-element elementor-element-b9f5b8b elementor-widget elementor-widget-heading\" data-id=\"b9f5b8b\" data-element_type=\"widget\" data-widget_type=\"heading.default\">\n\t\t\t\t<div class=\"elementor-widget-container\">\n\t\t\t\t\t<h1 class=\"elementor-heading-title elementor-size-default\">Lieferbedingungen <\/h1>\t\t\t\t<\/div>\n\t\t\t\t<\/div>\n\t\t\t\t<div class=\"elementor-element elementor-element-68fc947 elementor-widget elementor-widget-text-editor\" data-id=\"68fc947\" data-element_type=\"widget\" data-widget_type=\"text-editor.default\">\n\t\t\t\t<div class=\"elementor-widget-container\">\n\t\t\t\t\t\t\t\t\t<p>Nach Erhalt der Zahlung ist der Verk\u00e4ufer verpflichtet, die Bestellung innerhalb von 1-3 Werktagen nach dem Kauf zu versenden. Die Bestellung wird an die vom Verbraucher angegebene Adresse verschickt. F\u00fcr den Versand wird der Verk\u00e4ufer ein externes Transportunternehmen beauftragen.<\/p>\t\t\t\t\t\t\t\t<\/div>\n\t\t\t\t<\/div>\n\t\t\t\t<div class=\"elementor-element elementor-element-cc5e57d elementor-widget elementor-widget-text-editor\" data-id=\"cc5e57d\" data-element_type=\"widget\" data-widget_type=\"text-editor.default\">\n\t\t\t\t<div class=\"elementor-widget-container\">\n\t\t\t\t\t\t\t\t\t<p>Der Verk\u00e4ufer sendet dem Verbraucher eine E-Mail-Benachrichtigung, damit der Verbraucher den Versand seines Pakets verfolgen kann.<\/p>\t\t\t\t\t\t\t\t<\/div>\n\t\t\t\t<\/div>\n\t\t\t\t<div class=\"elementor-element elementor-element-85b3b6e elementor-widget elementor-widget-text-editor\" data-id=\"85b3b6e\" data-element_type=\"widget\" data-widget_type=\"text-editor.default\">\n\t\t\t\t<div class=\"elementor-widget-container\">\n\t\t\t\t\t\t\t\t\t<p>Wenn das Unternehmen nicht in der Lage ist, die Bestellung an den Verbraucher zu liefern und die Bestellung an den Verk\u00e4ufer zur\u00fcckschickt, ist der Verbraucher f\u00fcr die Versandkosten verantwortlich. Falls der Verbraucher die Umst\u00e4nde, die zur Nichtzustellung des Pakets gef\u00fchrt haben, nicht zu vertreten hat, tr\u00e4gt der Verk\u00e4ufer die Versandkosten.\u00a0<\/p>\t\t\t\t\t\t\t\t<\/div>\n\t\t\t\t<\/div>\n\t\t\t\t<div class=\"elementor-element elementor-element-67baf48 elementor-widget elementor-widget-text-editor\" data-id=\"67baf48\" data-element_type=\"widget\" data-widget_type=\"text-editor.default\">\n\t\t\t\t<div class=\"elementor-widget-container\">\n\t\t\t\t\t\t\t\t\t<p>Die Lieferung erfolgt nur innerhalb Deutschlands.<\/p>\t\t\t\t\t\t\t\t<\/div>\n\t\t\t\t<\/div>\n\t\t\t\t<div class=\"elementor-element elementor-element-59536ee elementor-widget elementor-widget-text-editor\" data-id=\"59536ee\" data-element_type=\"widget\" data-widget_type=\"text-editor.default\">\n\t\t\t\t<div class=\"elementor-widget-container\">\n\t\t\t\t\t\t\t\t\t<p>Falls der Verbraucher es vorzieht, die Bestellung im Gesch\u00e4ft abzuholen, muss der Verk\u00e4ufer den Verbraucher per E-Mail dar\u00fcber informieren, dass seine Bestellung fertig ist und zu welchen \u00d6ffnungszeiten er sie abholen kann. Der Verbraucher zahlt f\u00fcr diesen Service keine zus\u00e4tzlichen Kosten.<\/p>\t\t\t\t\t\t\t\t<\/div>\n\t\t\t\t<\/div>\n\t\t\t\t<div class=\"elementor-element elementor-element-8e4a5e3 elementor-widget elementor-widget-text-editor\" data-id=\"8e4a5e3\" data-element_type=\"widget\" data-widget_type=\"text-editor.default\">\n\t\t\t\t<div class=\"elementor-widget-container\">\n\t\t\t\t\t\t\t\t\t<p>F\u00fcr den Fall, dass ein Produkt mangelhaft oder das Verfallsdatum abgelaufen ist, stehen dem Verbraucher die Regelungen zur M\u00e4ngelhaftung sowie die Inanspruchnahme der gesetzlichen Gew\u00e4hrleistungsrechte des Verbrauchers nach dem allgemeinen Verbraucher- und Anwenderschutzgesetz zu.<\/p>\t\t\t\t\t\t\t\t<\/div>\n\t\t\t\t<\/div>\n\t\t\t\t<div class=\"elementor-element elementor-element-1465a64 elementor-widget elementor-widget-text-editor\" data-id=\"1465a64\" data-element_type=\"widget\" data-widget_type=\"text-editor.default\">\n\t\t\t\t<div class=\"elementor-widget-container\">\n\t\t\t\t\t\t\t\t\t<p>Ist der Schaden offensichtlich durch den Spediteur verursacht worden, muss der Verbraucher den Nachweis erbringen und den Verk\u00e4ufer unverz\u00fcglich informieren. Kommt der Verbraucher dem nicht nach, kann er seine gesetzlichen oder vertraglichen M\u00e4ngelgew\u00e4hrleistungsanspr\u00fcche nicht geltend machen.<\/p>\t\t\t\t\t\t\t\t<\/div>\n\t\t\t\t<\/div>\n\t\t\t\t<div class=\"elementor-element elementor-element-b4a9f95 elementor-widget elementor-widget-text-editor\" data-id=\"b4a9f95\" data-element_type=\"widget\" data-widget_type=\"text-editor.default\">\n\t\t\t\t<div class=\"elementor-widget-container\">\n\t\t\t\t\t\t\t\t\t<p>Die Europ\u00e4ische Kommission stellt eine Online-Plattform zur Streitbeilegung zur Verf\u00fcgung, die unter folgendem Link zu finden ist: https:\/\/ec.europa.eu\/consumers\/odr. <a href=\"https:\/\/ec.europa.eu\/consumers\/odr\">https:\/\/ec.europa.eu\/consumers\/odr<\/a>.<\/p>\t\t\t\t\t\t\t\t<\/div>\n\t\t\t\t<\/div>\n\t\t\t\t<div class=\"elementor-element elementor-element-485a70e elementor-widget elementor-widget-text-editor\" data-id=\"485a70e\" data-element_type=\"widget\" data-widget_type=\"text-editor.default\">\n\t\t\t\t<div class=\"elementor-widget-container\">\n\t\t\t\t\t\t\t\t\t<p>Diese Plattform dient als zentrale Anlaufstelle zur au\u00dfergerichtlichen Beilegung von Streitigkeiten im Zusammenhang mit vertraglichen Verpflichtungen aus Online-Kauf- oder Dienstleistungsvertr\u00e4gen, an denen ein Verbraucher beteiligt ist.<\/p>\t\t\t\t\t\t\t\t<\/div>\n\t\t\t\t<\/div>\n\t\t\t\t<div class=\"elementor-element elementor-element-c116f25 elementor-widget elementor-widget-text-editor\" data-id=\"c116f25\" data-element_type=\"widget\" data-widget_type=\"text-editor.default\">\n\t\t\t\t<div class=\"elementor-widget-container\">\n\t\t\t\t\t\t\t\t\t<p>Der Verk\u00e4ufer ist weder verpflichtet noch bereit, an einem Streitbeilegungsverfahren vor einer Verbraucherschlichtungsstelle teilzunehmen.<\/p>\t\t\t\t\t\t\t\t<\/div>\n\t\t\t\t<\/div>\n\t\t\t\t<div class=\"elementor-element elementor-element-5b151b0 elementor-widget elementor-widget-heading\" data-id=\"5b151b0\" data-element_type=\"widget\" data-widget_type=\"heading.default\">\n\t\t\t\t<div class=\"elementor-widget-container\">\n\t\t\t\t\t<h1 class=\"elementor-heading-title elementor-size-default\">Widerrufsrecht<\/h1>\t\t\t\t<\/div>\n\t\t\t\t<\/div>\n\t\t\t\t<div class=\"elementor-element elementor-element-cc574db elementor-widget elementor-widget-text-editor\" data-id=\"cc574db\" data-element_type=\"widget\" data-widget_type=\"text-editor.default\">\n\t\t\t\t<div class=\"elementor-widget-container\">\n\t\t\t\t\t\t\t\t\t<p>Sie haben das Recht, binnen vierzehn Tagen ohne Angabe von Gr\u00fcnden diesen Vertrag zu widerrufen. Die Widerrufsfrist betr\u00e4gt vierzehn Tage ab dem Tag, an dem Sie oder ein von Ihnen benannter Dritter, der nicht der Bef\u00f6rderer ist, die Waren in Besitz genommen haben bzw. hat.<\/p>\n<p>Um Ihr Widerrufsrecht auszu\u00fcben, m\u00fcssen Sie mir (Latino Point - Gabriela Alamillo Nieto, Dircksenstra\u00dfe 45, 10178 Berlin, Deutschland, info@latinopoint.de, Telefon: 0049-(0)1520 6720816 (zu den geltenden \u00d6ffnungszeiten des Gesch\u00e4ftes)) mittels einer eindeutigen Erkl\u00e4rung (z.B. ein mit der Post versandter Brief oder eine E-Mail) \u00fcber Ihren Entschluss, diesen Vertrag zu widerrufen, informieren. Sie k\u00f6nnen daf\u00fcr das beigef\u00fcgte Muster-Widerrufsformular verwenden.<\/p>\n<p>Zur Wahrung der Widerrufsfrist reicht es aus, dass Sie die Mitteilung \u00fcber die Aus\u00fcbung des Widerrufsrechts vor Ablauf der Widerrufsfrist absenden.<\/p>\n<p>Wann das Widerrufsrecht NICHT gilt<\/p>\n<p>Hygiene- und Gesundheitsschutz: Versiegelte Lebensmittel, deren Siegel nach Lieferung entfernt wurde, sind von Widerruf ausgeschlossen, z.B. ge\u00f6ffnete Konserven oder Fertiggerichte, da sie aus hygienischen Gr\u00fcnden nicht zur\u00fcckgenommen werden k\u00f6nnen.<\/p>\n<p>Das R\u00fcckgaberecht gilt nicht, wenn:<\/p>\n<ul>\n<li>F\u00fcr Produkte, die schnell ablaufen (5 Tage vorher).<\/li>\n<li>F\u00fcr Produkte, die aus hygienischen Gr\u00fcnden versiegelt wurden und deren Siegel nach dem Eintritt entfernt oder ge\u00f6ffnet wurde.<\/li>\n<li>F\u00fcr Produkte, die nach der Lieferung mit anderen Produkten vermischt wurden.<\/li>\n<li>Gefrorene Produkte, die ungek\u00fchlt versendet werden.<\/li>\n<li>Produkte, die speziell f\u00fcr den Kunden hergestellt wurden.<\/li>\n<\/ul>\t\t\t\t\t\t\t\t<\/div>\n\t\t\t\t<\/div>\n\t\t\t\t<div class=\"elementor-element elementor-element-08bd87a elementor-widget elementor-widget-text-editor\" data-id=\"08bd87a\" data-element_type=\"widget\" data-widget_type=\"text-editor.default\">\n\t\t\t\t<div class=\"elementor-widget-container\">\n\t\t\t\t\t\t\t\t\t<p>Wenn Sie diesen Vertrag widerrufen, haben wir Ihnen alle Zahlungen, die wir von Ihnen erhalten haben, einschlie\u00dflich der Lieferkosten (mit Ausnahme der zus\u00e4tzlichen Kosten, die sich daraus ergeben, dass Sie eine andere Art der Lieferung, als die von uns angebotene, g\u00fcnstigste Standardlieferung gew\u00e4hlt haben), unverz\u00fcglich und sp\u00e4testens binnen vierzehn Tagen ab dem Tag zur\u00fcckzuzahlen, an dem die Mitteilung \u00fcber Ihren Widerruf dieses Vertrags bei uns eingegangen ist. F\u00fcr diese R\u00fcckzahlung verwenden wir dasselbe Zahlungsmittel, das Sie bei der urspr\u00fcnglichen Transaktion eingesetzt haben, es sei denn, mit Ihnen wurde ausdr\u00fccklich etwas anderes vereinbart; in keinem Fall werden Ihnen wegen dieser R\u00fcckzahlung Entgelte berechnet. Wir k\u00f6nnen die R\u00fcckzahlung verweigern, bis wir die Waren wieder zur\u00fcckerhalten haben oder bis Sie den Nachweis erbracht haben, dass Sie die Waren zur\u00fcckgesandt haben, je nachdem, welches der fr\u00fchere Zeitpunkt ist.<\/p>\t\t\t\t\t\t\t\t<\/div>\n\t\t\t\t<\/div>\n\t\t\t\t<div class=\"elementor-element elementor-element-342fd22 elementor-widget elementor-widget-text-editor\" data-id=\"342fd22\" data-element_type=\"widget\" data-widget_type=\"text-editor.default\">\n\t\t\t\t<div class=\"elementor-widget-container\">\n\t\t\t\t\t\t\t\t\t<p>Sie haben die Waren unverz\u00fcglich und in jedem Fall sp\u00e4testens binnen vierzehn Tagen ab dem Tag, an dem Sie uns \u00fcber den Widerruf dieses Vertrags unterrichten, an uns zur\u00fcckzusenden oder zu \u00fcbergeben. Die Frist ist gewahrt, wenn Sie die Waren vor Ablauf der Frist von vierzehn Tagen absenden. Sie tragen die unmittelbaren Kosten der R\u00fccksendung der Waren. Sie m\u00fcssen f\u00fcr einen etwaigen Wertverlust der Waren nur aufkommen, wenn dieser Wertverlust auf einen zur Pr\u00fcfung der Beschaffenheit, Eigenschaften und Funktionsweise der Waren nicht notwendigen Umgang mit ihnen zur\u00fcckzuf\u00fchren ist.<\/p>\t\t\t\t\t\t\t\t<\/div>\n\t\t\t\t<\/div>\n\t\t\t\t<div class=\"elementor-element elementor-element-2c2e064 elementor-widget elementor-widget-text-editor\" data-id=\"2c2e064\" data-element_type=\"widget\" data-widget_type=\"text-editor.default\">\n\t\t\t\t<div class=\"elementor-widget-container\">\n\t\t\t\t\t\t\t\t\t<p>Muster-Widerrufsformular<\/p>\t\t\t\t\t\t\t\t<\/div>\n\t\t\t\t<\/div>\n\t\t\t\t<div class=\"elementor-element elementor-element-1249cf0 elementor-widget elementor-widget-text-editor\" data-id=\"1249cf0\" data-element_type=\"widget\" data-widget_type=\"text-editor.default\">\n\t\t\t\t<div class=\"elementor-widget-container\">\n\t\t\t\t\t\t\t\t\t<p><u>Widerrufsformular: <\/u><\/p>\t\t\t\t\t\t\t\t<\/div>\n\t\t\t\t<\/div>\n\t\t\t\t<div class=\"elementor-element elementor-element-6d68184 elementor-widget elementor-widget-text-editor\" data-id=\"6d68184\" data-element_type=\"widget\" data-widget_type=\"text-editor.default\">\n\t\t\t\t<div class=\"elementor-widget-container\">\n\t\t\t\t\t\t\t\t\t<p>Bitte f\u00fcllen Sie das folgende Formular f\u00fcr die R\u00fcckerstattung Ihres Geldes aus. Bitte senden Sie das ausgef\u00fcllte Formular an die folgende E-Mail-Adresse: Info@latinopoint.de ode per Post an Latino Point, Gabriela Alamillo Nieto Dircksenstra\u00dfe 45, 10178 Berl\u00edn, Alemania <a href=\"mailto:Info@latinopoint.de\">.<\/a> .<\/p>\t\t\t\t\t\t\t\t<\/div>\n\t\t\t\t<\/div>\n\t\t\t\t<div class=\"elementor-element elementor-element-71def63 elementor-widget elementor-widget-text-editor\" data-id=\"71def63\" data-element_type=\"widget\" data-widget_type=\"text-editor.default\">\n\t\t\t\t<div class=\"elementor-widget-container\">\n\t\t\t\t\t\t\t\t\t<p><em>Hiermit m\u00f6chte ich meinen Kauf zur\u00fcckgeben.<\/em><\/p>\t\t\t\t\t\t\t\t<\/div>\n\t\t\t\t<\/div>\n\t\t\t\t<div class=\"elementor-element elementor-element-e8d637c elementor-widget elementor-widget-text-editor\" data-id=\"e8d637c\" data-element_type=\"widget\" data-widget_type=\"text-editor.default\">\n\t\t\t\t<div class=\"elementor-widget-container\">\n\t\t\t\t\t\t\t\t\t<p><em>Vollst\u00e4ndiger Name<\/em><\/p>\n<p><em>Ihre E-Mail Adresse<\/em><\/p>\n<p><em>Telefon<\/em><\/p>\n<p><em>Handy<\/em><\/p>\n<p><em>Best.-Nr.<\/em><\/p>\n<p><em>E-Mail<\/em><\/p>\n<p><em>\u00a0<\/em><\/p>\n<p><em>Datum<\/em><\/p>\n<p><em>Unterschrift<\/em><\/p>\n<p><em>Ausschl\u00fcsse<\/em><\/p>\t\t\t\t\t\t\t\t<\/div>\n\t\t\t\t<\/div>\n\t\t\t\t<div class=\"elementor-element elementor-element-a2aa8b6 elementor-widget elementor-widget-text-editor\" data-id=\"a2aa8b6\" data-element_type=\"widget\" data-widget_type=\"text-editor.default\">\n\t\t\t\t<div class=\"elementor-widget-container\">\n\t\t\t\t\t\t\t\t\t<p>Widerrufsbelehrung erstellt mit dem Trusted Shops Rechtstexter<\/p>\t\t\t\t\t\t\t\t<\/div>\n\t\t\t\t<\/div>\n\t\t\t\t\t<\/div>\n\t\t<\/div>\n\t\t\t\t\t<\/div>\n\t\t<\/section>\n\t\t\t\t<\/div>","protected":false},"excerpt":{"rendered":"<p>Condiciones Generales Las condiciones Generales de contrataci\u00f3n de Latino Point (en lo sucesivo se le denominar\u00e1 \u201cel vendedor\u201d) se aplican a todos los contratos hechos entre una persona f\u00edsica o jur\u00eddica (en lo sucesivo se le denominar\u00e1 \u201cel consumidor\u201d) con el vendedor en lo relativo a su tienda online. El vendedor no acepta t\u00e9rminos y [&hellip;]<\/p>","protected":false},"author":1,"featured_media":0,"parent":0,"menu_order":0,"comment_status":"closed","ping_status":"closed","template":"","meta":{"footnotes":""},"class_list":["post-17743","page","type-page","status-publish","hentry"],"_links":{"self":[{"href":"https:\/\/latinopoint.grupobitnet.com\/de\/wp-json\/wp\/v2\/pages\/17743","targetHints":{"allow":["GET"]}}],"collection":[{"href":"https:\/\/latinopoint.grupobitnet.com\/de\/wp-json\/wp\/v2\/pages"}],"about":[{"href":"https:\/\/latinopoint.grupobitnet.com\/de\/wp-json\/wp\/v2\/types\/page"}],"author":[{"embeddable":true,"href":"https:\/\/latinopoint.grupobitnet.com\/de\/wp-json\/wp\/v2\/users\/1"}],"replies":[{"embeddable":true,"href":"https:\/\/latinopoint.grupobitnet.com\/de\/wp-json\/wp\/v2\/comments?post=17743"}],"version-history":[{"count":7,"href":"https:\/\/latinopoint.grupobitnet.com\/de\/wp-json\/wp\/v2\/pages\/17743\/revisions"}],"predecessor-version":[{"id":17751,"href":"https:\/\/latinopoint.grupobitnet.com\/de\/wp-json\/wp\/v2\/pages\/17743\/revisions\/17751"}],"wp:attachment":[{"href":"https:\/\/latinopoint.grupobitnet.com\/de\/wp-json\/wp\/v2\/media?parent=17743"}],"curies":[{"name":"wp","href":"https:\/\/api.w.org\/{rel}","templated":true}]}}