{"id":17877,"date":"2025-11-28T19:06:35","date_gmt":"2025-11-28T23:06:35","guid":{"rendered":"https:\/\/latinopoint.grupobitnet.com\/?page_id=17877"},"modified":"2025-11-28T19:10:06","modified_gmt":"2025-11-28T23:10:06","slug":"aviso-legal","status":"publish","type":"page","link":"https:\/\/latinopoint.grupobitnet.com\/de\/aviso-legal\/","title":{"rendered":"Impressum"},"content":{"rendered":"<div data-elementor-type=\"wp-page\" data-elementor-id=\"17877\" class=\"elementor elementor-17877\" data-elementor-post-type=\"page\">\n\t\t\t\t\t\t<section class=\"elementor-section elementor-top-section elementor-element elementor-element-4982dd77 elementor-section-boxed elementor-section-height-default elementor-section-height-default\" data-id=\"4982dd77\" data-element_type=\"section\">\n\t\t\t\t\t\t<div class=\"elementor-container elementor-column-gap-default\">\n\t\t\t\t\t<div class=\"elementor-column elementor-col-100 elementor-top-column elementor-element elementor-element-76f45c4a\" data-id=\"76f45c4a\" data-element_type=\"column\">\n\t\t\t<div class=\"elementor-widget-wrap elementor-element-populated\">\n\t\t\t\t\t\t<div class=\"elementor-element elementor-element-5943be4 elementor-widget elementor-widget-spacer\" data-id=\"5943be4\" data-element_type=\"widget\" data-widget_type=\"spacer.default\">\n\t\t\t\t<div class=\"elementor-widget-container\">\n\t\t\t\t\t\t\t<div class=\"elementor-spacer\">\n\t\t\t<div class=\"elementor-spacer-inner\"><\/div>\n\t\t<\/div>\n\t\t\t\t\t\t<\/div>\n\t\t\t\t<\/div>\n\t\t\t\t<div class=\"elementor-element elementor-element-483d827 elementor-widget elementor-widget-heading\" data-id=\"483d827\" data-element_type=\"widget\" data-widget_type=\"heading.default\">\n\t\t\t\t<div class=\"elementor-widget-container\">\n\t\t\t\t\t<h1 class=\"elementor-heading-title elementor-size-default\">Impressum f\u00fcr einen Onlineh\u00e4ndler (Einzelunternehmer)<\/h1>\t\t\t\t<\/div>\n\t\t\t\t<\/div>\n\t\t\t\t<div class=\"elementor-element elementor-element-e183d19 elementor-widget elementor-widget-text-editor\" data-id=\"e183d19\" data-element_type=\"widget\" data-widget_type=\"text-editor.default\">\n\t\t\t\t<div class=\"elementor-widget-container\">\n\t\t\t\t\t\t\t\t\t<p>Impressum<\/p><p>Anbieter im Sinne von \u00a7 5 Abs. 1 DDG ist:<\/p><p>Inhaberin: Gabriela Alamillo Nieto<\/p><p>Latino Point<\/p><p>Dircksenstr. 45 10178 Berlin, Deutschland<\/p><p>Telefon +49 152 06720816<\/p><p>E-Mail: info@latinopoint.de <a href=\"mailto:info@latinopoint.de\">info@latinopoint.de<\/a><\/p><p>Umsatzsteuer-Identifikationsnummer gem\u00e4\u00df \u00a7 27a Umsatzsteuergesetz:  DE342980407<\/p><p>Handelsregister-Nr.: HRB<\/p>\t\t\t\t\t\t\t\t<\/div>\n\t\t\t\t<\/div>\n\t\t\t\t<div class=\"elementor-element elementor-element-22976aa elementor-widget elementor-widget-spacer\" data-id=\"22976aa\" data-element_type=\"widget\" data-widget_type=\"spacer.default\">\n\t\t\t\t<div class=\"elementor-widget-container\">\n\t\t\t\t\t\t\t<div class=\"elementor-spacer\">\n\t\t\t<div class=\"elementor-spacer-inner\"><\/div>\n\t\t<\/div>\n\t\t\t\t\t\t<\/div>\n\t\t\t\t<\/div>\n\t\t\t\t\t<\/div>\n\t\t<\/div>\n\t\t\t\t\t<\/div>\n\t\t<\/section>\n\t\t\t\t<\/div>","protected":false},"excerpt":{"rendered":"<p>Aviso legal para un comerciante online (empres\u00e1rio individual) Aviso legal El proveedor en el sentido del art\u00edculo 5, apartado 1, de la DDG es: Propietaria: Gabriela Alamillo Nieto Latino Point Dircksenstr. 45 10178 Berl\u00edn, Alemania Tel\u00e9fono +49 152 06720816 Correo electr\u00f3nico: info@latinopoint.de N\u00famero de identificaci\u00f3n fiscal seg\u00fan el art\u00edculo 27ade la Ley del Impuesto sobre [&hellip;]<\/p>","protected":false},"author":1,"featured_media":0,"parent":0,"menu_order":0,"comment_status":"closed","ping_status":"closed","template":"","meta":{"footnotes":""},"class_list":["post-17877","page","type-page","status-publish","hentry"],"_links":{"self":[{"href":"https:\/\/latinopoint.grupobitnet.com\/de\/wp-json\/wp\/v2\/pages\/17877","targetHints":{"allow":["GET"]}}],"collection":[{"href":"https:\/\/latinopoint.grupobitnet.com\/de\/wp-json\/wp\/v2\/pages"}],"about":[{"href":"https:\/\/latinopoint.grupobitnet.com\/de\/wp-json\/wp\/v2\/types\/page"}],"author":[{"embeddable":true,"href":"https:\/\/latinopoint.grupobitnet.com\/de\/wp-json\/wp\/v2\/users\/1"}],"replies":[{"embeddable":true,"href":"https:\/\/latinopoint.grupobitnet.com\/de\/wp-json\/wp\/v2\/comments?post=17877"}],"version-history":[{"count":7,"href":"https:\/\/latinopoint.grupobitnet.com\/de\/wp-json\/wp\/v2\/pages\/17877\/revisions"}],"predecessor-version":[{"id":17884,"href":"https:\/\/latinopoint.grupobitnet.com\/de\/wp-json\/wp\/v2\/pages\/17877\/revisions\/17884"}],"wp:attachment":[{"href":"https:\/\/latinopoint.grupobitnet.com\/de\/wp-json\/wp\/v2\/media?parent=17877"}],"curies":[{"name":"wp","href":"https:\/\/api.w.org\/{rel}","templated":true}]}}