{"id":16052,"date":"2025-04-07T15:39:51","date_gmt":"2025-04-07T19:39:51","guid":{"rendered":"https:\/\/latinopoint.grupobitnet.com\/?post_type=product&#038;p=16052"},"modified":"2025-11-29T13:20:41","modified_gmt":"2025-11-29T17:20:41","slug":"mezcla-para-pao-do-queijo-250g","status":"publish","type":"product","link":"https:\/\/latinopoint.grupobitnet.com\/de\/product\/mezcla-para-pao-do-queijo-250g\/","title":{"rendered":"Mezcla para P\u00e3o do Queijo 250g"},"content":{"rendered":"","protected":false},"excerpt":{"rendered":"<p>K\u00e4sebrotmischung mit Maniokst\u00e4rke, Eiern und K\u00e4se, mit der man leckere knusprige K\u00e4sebr\u00f6tchen backen kann!\nGlutenfrei.<\/p>\n<p><strong>ZUTATEN<\/strong><\/p>\n<p>Maniokst\u00e4rke, modifizierte Maniokst\u00e4rke, pflanzl Fett, Salz, pflanz Fett (geh\u00e4rtet) Glukosesirup. VOLLMILCHpulver MOLKEpulver. K\u00e4sepulver, BUTTER, Hefeextrakt Aromen S\u00e4ureregulatur 5339 E500, Emulgator E471. Antioxidationsmittel E307 Kann spuren von SOJA enthalten<\/p>","protected":false},"featured_media":16053,"template":"","meta":[],"product_brand":[404],"product_cat":[521],"product_tag":[],"class_list":{"0":"post-16052","1":"product","2":"type-product","3":"status-publish","4":"has-post-thumbnail","6":"product_brand-yoki","7":"product_cat-harinas","10":"first","11":"instock","12":"taxable","13":"shipping-taxable","14":"purchasable","15":"product-type-simple"},"_links":{"self":[{"href":"https:\/\/latinopoint.grupobitnet.com\/de\/wp-json\/wp\/v2\/product\/16052","targetHints":{"allow":["GET"]}}],"collection":[{"href":"https:\/\/latinopoint.grupobitnet.com\/de\/wp-json\/wp\/v2\/product"}],"about":[{"href":"https:\/\/latinopoint.grupobitnet.com\/de\/wp-json\/wp\/v2\/types\/product"}],"wp:featuredmedia":[{"embeddable":true,"href":"https:\/\/latinopoint.grupobitnet.com\/de\/wp-json\/wp\/v2\/media\/16053"}],"wp:attachment":[{"href":"https:\/\/latinopoint.grupobitnet.com\/de\/wp-json\/wp\/v2\/media?parent=16052"}],"wp:term":[{"taxonomy":"product_brand","embeddable":true,"href":"https:\/\/latinopoint.grupobitnet.com\/de\/wp-json\/wp\/v2\/product_brand?post=16052"},{"taxonomy":"product_cat","embeddable":true,"href":"https:\/\/latinopoint.grupobitnet.com\/de\/wp-json\/wp\/v2\/product_cat?post=16052"},{"taxonomy":"product_tag","embeddable":true,"href":"https:\/\/latinopoint.grupobitnet.com\/de\/wp-json\/wp\/v2\/product_tag?post=16052"}],"curies":[{"name":"wp","href":"https:\/\/api.w.org\/{rel}","templated":true}]}}