{"id":16214,"date":"2025-04-16T12:25:19","date_gmt":"2025-04-16T16:25:19","guid":{"rendered":"https:\/\/latinopoint.grupobitnet.com\/?post_type=product&#038;p=16214"},"modified":"2025-12-01T15:06:49","modified_gmt":"2025-12-01T19:06:49","slug":"salsa-la-botanera","status":"publish","type":"product","link":"https:\/\/latinopoint.grupobitnet.com\/de\/product\/salsa-la-botanera\/","title":{"rendered":"Salsa La Botanera"},"content":{"rendered":"","protected":false},"excerpt":{"rendered":"<p>La Botanera Classic Hot Sauce ist die perfekte Kombination aus 3 Sorten nat\u00fcrlicher Chilis, Gew\u00fcrzen und verschiedenen Gew\u00fcrzsorten, die den Geschmack Ihrer Speisen verbessern. Sie ist ideal, um alle Arten von Snacks, Obst, Gem\u00fcse und vieles mehr zu begleiten. Die botanera ist wenig scharf, die botanera. die richtige!<\/p>\n<p><strong>ZUTATEN<\/strong><\/p>\n<p>Wasser, jodiertes Salz, Chilis in ver\u00e4nderlichen Gewichtsanteilen (3,9%), S\u00e4urere gulator E260, Verdickungsmittel E415, S\u00e4uerungsmittel E330, Konservierungsstoff E211, Gew\u00fcrze in ver\u00e4nderlichen Gewichtsanteilen, Farbstoffe E110, E129<\/p>","protected":false},"featured_media":16215,"template":"","meta":[],"product_brand":[611],"product_cat":[967],"product_tag":[],"class_list":{"0":"post-16214","1":"product","2":"type-product","3":"status-publish","4":"has-post-thumbnail","6":"product_brand-la-botanera","7":"product_cat-salsas","10":"first","11":"instock","12":"taxable","13":"shipping-taxable","14":"purchasable","15":"product-type-simple"},"_links":{"self":[{"href":"https:\/\/latinopoint.grupobitnet.com\/de\/wp-json\/wp\/v2\/product\/16214","targetHints":{"allow":["GET"]}}],"collection":[{"href":"https:\/\/latinopoint.grupobitnet.com\/de\/wp-json\/wp\/v2\/product"}],"about":[{"href":"https:\/\/latinopoint.grupobitnet.com\/de\/wp-json\/wp\/v2\/types\/product"}],"wp:featuredmedia":[{"embeddable":true,"href":"https:\/\/latinopoint.grupobitnet.com\/de\/wp-json\/wp\/v2\/media\/16215"}],"wp:attachment":[{"href":"https:\/\/latinopoint.grupobitnet.com\/de\/wp-json\/wp\/v2\/media?parent=16214"}],"wp:term":[{"taxonomy":"product_brand","embeddable":true,"href":"https:\/\/latinopoint.grupobitnet.com\/de\/wp-json\/wp\/v2\/product_brand?post=16214"},{"taxonomy":"product_cat","embeddable":true,"href":"https:\/\/latinopoint.grupobitnet.com\/de\/wp-json\/wp\/v2\/product_cat?post=16214"},{"taxonomy":"product_tag","embeddable":true,"href":"https:\/\/latinopoint.grupobitnet.com\/de\/wp-json\/wp\/v2\/product_tag?post=16214"}],"curies":[{"name":"wp","href":"https:\/\/api.w.org\/{rel}","templated":true}]}}