{"id":16240,"date":"2025-04-16T15:59:48","date_gmt":"2025-04-16T19:59:48","guid":{"rendered":"https:\/\/latinopoint.grupobitnet.com\/?post_type=product&#038;p=16240"},"modified":"2025-11-29T13:20:18","modified_gmt":"2025-11-29T17:20:18","slug":"pasta-de-aji-panca-menos-picante","status":"publish","type":"product","link":"https:\/\/latinopoint.grupobitnet.com\/de\/product\/pasta-de-aji-panca-menos-picante\/","title":{"rendered":"Pasta de aj\u00ed Panca menos picante"},"content":{"rendered":"","protected":false},"excerpt":{"rendered":"<p>Die mild-w\u00fcrzige Aji-Panca-Paste ist ein vielseitiges und k\u00f6stliches Gew\u00fcrz, das sich durch seinen rauchigen und milden Geschmack auszeichnet und ideal f\u00fcr alle ist, die eine leichtere Sch\u00e4rfe in ihren Gerichten bevorzugen.<\/p>\n<p><strong>ZUTATEN<\/strong><\/p>\n<p>Aj\u00ed panca (75%), Salz, S\u00e4uerungsmittel: Zitronens\u00e4ure (E330), Verdickngsmittel: Xanthangummi (E415), Konservierungsmittel: Natriumbenzoat (E211)<\/p>","protected":false},"featured_media":16241,"template":"","meta":[],"product_brand":[618],"product_cat":[966],"product_tag":[],"class_list":{"0":"post-16240","1":"product","2":"type-product","3":"status-publish","4":"has-post-thumbnail","6":"product_brand-del-huerto","7":"product_cat-especias-pastas-para-marinar-y-mole","10":"first","11":"instock","12":"taxable","13":"shipping-taxable","14":"purchasable","15":"product-type-simple"},"_links":{"self":[{"href":"https:\/\/latinopoint.grupobitnet.com\/de\/wp-json\/wp\/v2\/product\/16240","targetHints":{"allow":["GET"]}}],"collection":[{"href":"https:\/\/latinopoint.grupobitnet.com\/de\/wp-json\/wp\/v2\/product"}],"about":[{"href":"https:\/\/latinopoint.grupobitnet.com\/de\/wp-json\/wp\/v2\/types\/product"}],"wp:featuredmedia":[{"embeddable":true,"href":"https:\/\/latinopoint.grupobitnet.com\/de\/wp-json\/wp\/v2\/media\/16241"}],"wp:attachment":[{"href":"https:\/\/latinopoint.grupobitnet.com\/de\/wp-json\/wp\/v2\/media?parent=16240"}],"wp:term":[{"taxonomy":"product_brand","embeddable":true,"href":"https:\/\/latinopoint.grupobitnet.com\/de\/wp-json\/wp\/v2\/product_brand?post=16240"},{"taxonomy":"product_cat","embeddable":true,"href":"https:\/\/latinopoint.grupobitnet.com\/de\/wp-json\/wp\/v2\/product_cat?post=16240"},{"taxonomy":"product_tag","embeddable":true,"href":"https:\/\/latinopoint.grupobitnet.com\/de\/wp-json\/wp\/v2\/product_tag?post=16240"}],"curies":[{"name":"wp","href":"https:\/\/api.w.org\/{rel}","templated":true}]}}