{"id":16356,"date":"2025-04-23T17:56:42","date_gmt":"2025-04-23T21:56:42","guid":{"rendered":"https:\/\/latinopoint.grupobitnet.com\/?post_type=product&#038;p=16356"},"modified":"2025-11-23T21:29:19","modified_gmt":"2025-11-24T01:29:19","slug":"inca-kola","status":"publish","type":"product","link":"https:\/\/latinopoint.grupobitnet.com\/de\/product\/inca-kola\/","title":{"rendered":"Inca Kola"},"content":{"rendered":"","protected":false},"excerpt":{"rendered":"<p>Inca Kola ist ein peruanisches Erfrischungsgetr\u00e4nk mit einer goldgelben Farbe und einem s\u00fc\u00dfen Geschmack. Es ist eines der beliebtesten Getr\u00e4nke des Landes und gilt als nationales Symbol. Sein Hauptbestandteil ist die Zitronenverbene, wobei die genaue Rezeptur ein Betriebsgeheimnis ist.<\/p>\n<p><strong>ZUTATEN<\/strong><\/p>\n<p>Wasser, Kohlens\u00e4ure, Zucker, S\u00e4ureregulator E330, Konservierungsmittel E211, koffein, Aromen, Farbstoff E102<\/p>","protected":false},"featured_media":16357,"template":"","meta":[],"product_brand":[643],"product_cat":[964],"product_tag":[],"class_list":{"0":"post-16356","1":"product","2":"type-product","3":"status-publish","4":"has-post-thumbnail","6":"product_brand-coca-cola","7":"product_cat-bebidas","10":"first","11":"instock","12":"taxable","13":"shipping-taxable","14":"purchasable","15":"product-type-simple"},"_links":{"self":[{"href":"https:\/\/latinopoint.grupobitnet.com\/de\/wp-json\/wp\/v2\/product\/16356","targetHints":{"allow":["GET"]}}],"collection":[{"href":"https:\/\/latinopoint.grupobitnet.com\/de\/wp-json\/wp\/v2\/product"}],"about":[{"href":"https:\/\/latinopoint.grupobitnet.com\/de\/wp-json\/wp\/v2\/types\/product"}],"wp:featuredmedia":[{"embeddable":true,"href":"https:\/\/latinopoint.grupobitnet.com\/de\/wp-json\/wp\/v2\/media\/16357"}],"wp:attachment":[{"href":"https:\/\/latinopoint.grupobitnet.com\/de\/wp-json\/wp\/v2\/media?parent=16356"}],"wp:term":[{"taxonomy":"product_brand","embeddable":true,"href":"https:\/\/latinopoint.grupobitnet.com\/de\/wp-json\/wp\/v2\/product_brand?post=16356"},{"taxonomy":"product_cat","embeddable":true,"href":"https:\/\/latinopoint.grupobitnet.com\/de\/wp-json\/wp\/v2\/product_cat?post=16356"},{"taxonomy":"product_tag","embeddable":true,"href":"https:\/\/latinopoint.grupobitnet.com\/de\/wp-json\/wp\/v2\/product_tag?post=16356"}],"curies":[{"name":"wp","href":"https:\/\/api.w.org\/{rel}","templated":true}]}}