{"id":16403,"date":"2025-05-06T16:44:35","date_gmt":"2025-05-06T20:44:35","guid":{"rendered":"https:\/\/latinopoint.grupobitnet.com\/?post_type=product&#038;p=16403"},"modified":"2025-11-29T15:32:07","modified_gmt":"2025-11-29T19:32:07","slug":"baldo-1k","status":"publish","type":"product","link":"https:\/\/latinopoint.grupobitnet.com\/de\/product\/baldo-1k\/","title":{"rendered":"Baldo 1K"},"content":{"rendered":"","protected":false},"excerpt":{"rendered":"<p>Baldo Yerba Mate ist ein Aufguss aus 100 % nat\u00fcrlichen Matebl\u00e4ttern, ohne Konservierungsmittel oder Zusatzstoffe. Er zeichnet sich durch seinen ausgewogenen bitteren Geschmack und sein intensives Aroma aus. Es ist ein 100% nat\u00fcrliches Produkt, ohne Konservierungs- oder Zusatzstoffe. Er hat ein ausgewogenes Verh\u00e4ltnis von Bl\u00e4ttern, Stangen und Pulver. Er wird in den Bundesstaaten Santa Catarina, Panan\u00e0 und Rio Grande do Sul in Brasilien hergestellt.<\/p>\n<p><strong>ZUTATEN<\/strong><\/p>\n<p>Matee Tee (Ilex paraguariensis)<\/p>","protected":false},"featured_media":16404,"template":"","meta":[],"product_brand":[655],"product_cat":[965],"product_tag":[],"class_list":{"0":"post-16403","1":"product","2":"type-product","3":"status-publish","4":"has-post-thumbnail","6":"product_brand-cbse","7":"product_cat-cafe-mate-te-y-cacao","10":"first","11":"instock","12":"taxable","13":"shipping-taxable","14":"purchasable","15":"product-type-simple"},"_links":{"self":[{"href":"https:\/\/latinopoint.grupobitnet.com\/de\/wp-json\/wp\/v2\/product\/16403","targetHints":{"allow":["GET"]}}],"collection":[{"href":"https:\/\/latinopoint.grupobitnet.com\/de\/wp-json\/wp\/v2\/product"}],"about":[{"href":"https:\/\/latinopoint.grupobitnet.com\/de\/wp-json\/wp\/v2\/types\/product"}],"wp:featuredmedia":[{"embeddable":true,"href":"https:\/\/latinopoint.grupobitnet.com\/de\/wp-json\/wp\/v2\/media\/16404"}],"wp:attachment":[{"href":"https:\/\/latinopoint.grupobitnet.com\/de\/wp-json\/wp\/v2\/media?parent=16403"}],"wp:term":[{"taxonomy":"product_brand","embeddable":true,"href":"https:\/\/latinopoint.grupobitnet.com\/de\/wp-json\/wp\/v2\/product_brand?post=16403"},{"taxonomy":"product_cat","embeddable":true,"href":"https:\/\/latinopoint.grupobitnet.com\/de\/wp-json\/wp\/v2\/product_cat?post=16403"},{"taxonomy":"product_tag","embeddable":true,"href":"https:\/\/latinopoint.grupobitnet.com\/de\/wp-json\/wp\/v2\/product_tag?post=16403"}],"curies":[{"name":"wp","href":"https:\/\/api.w.org\/{rel}","templated":true}]}}