{"id":16481,"date":"2025-06-04T19:05:25","date_gmt":"2025-06-04T23:05:25","guid":{"rendered":"https:\/\/latinopoint.grupobitnet.com\/?post_type=product&#038;p=16481"},"modified":"2025-11-29T15:32:07","modified_gmt":"2025-11-29T19:32:07","slug":"eucalipto","status":"publish","type":"product","link":"https:\/\/latinopoint.grupobitnet.com\/de\/product\/eucalipto\/","title":{"rendered":"Eucalipto"},"content":{"rendered":"","protected":false},"excerpt":{"rendered":"<p>Eukalyptus ist ein Baum. Seine Bl\u00e4tter und sein \u00d6l wurden gegessen, gekaut und auf die Haut aufgetragen, um viele Krankheiten zu behandeln. In Lateinamerika ist er ber\u00fchmt f\u00fcr seine schleiml\u00f6senden und abschwellenden Eigenschaften, d. h. er kann bei verstopfter Nase und Schleimbildung in den Atemwegen helfen. Dies macht sie zu einem beliebten Mittel bei Erk\u00e4ltungen, Grippe und anderen Atemwegserkrankungen.<\/p>\n<p><strong>ZUTATEN<\/strong><\/p>\n<p>Eukalyptus<\/p>","protected":false},"featured_media":16482,"template":"","meta":[],"product_brand":[656],"product_cat":[965],"product_tag":[],"class_list":{"0":"post-16481","1":"product","2":"type-product","3":"status-publish","4":"has-post-thumbnail","6":"product_brand-intertropico","7":"product_cat-cafe-mate-te-y-cacao","10":"first","11":"instock","12":"taxable","13":"shipping-taxable","14":"purchasable","15":"product-type-simple"},"_links":{"self":[{"href":"https:\/\/latinopoint.grupobitnet.com\/de\/wp-json\/wp\/v2\/product\/16481","targetHints":{"allow":["GET"]}}],"collection":[{"href":"https:\/\/latinopoint.grupobitnet.com\/de\/wp-json\/wp\/v2\/product"}],"about":[{"href":"https:\/\/latinopoint.grupobitnet.com\/de\/wp-json\/wp\/v2\/types\/product"}],"wp:featuredmedia":[{"embeddable":true,"href":"https:\/\/latinopoint.grupobitnet.com\/de\/wp-json\/wp\/v2\/media\/16482"}],"wp:attachment":[{"href":"https:\/\/latinopoint.grupobitnet.com\/de\/wp-json\/wp\/v2\/media?parent=16481"}],"wp:term":[{"taxonomy":"product_brand","embeddable":true,"href":"https:\/\/latinopoint.grupobitnet.com\/de\/wp-json\/wp\/v2\/product_brand?post=16481"},{"taxonomy":"product_cat","embeddable":true,"href":"https:\/\/latinopoint.grupobitnet.com\/de\/wp-json\/wp\/v2\/product_cat?post=16481"},{"taxonomy":"product_tag","embeddable":true,"href":"https:\/\/latinopoint.grupobitnet.com\/de\/wp-json\/wp\/v2\/product_tag?post=16481"}],"curies":[{"name":"wp","href":"https:\/\/api.w.org\/{rel}","templated":true}]}}