{"id":16557,"date":"2025-06-21T19:20:20","date_gmt":"2025-06-21T23:20:20","guid":{"rendered":"https:\/\/latinopoint.grupobitnet.com\/?post_type=product&#038;p=16557"},"modified":"2025-11-29T13:19:09","modified_gmt":"2025-11-29T17:19:09","slug":"galletas-festival-chocolate","status":"publish","type":"product","link":"https:\/\/latinopoint.grupobitnet.com\/de\/product\/galletas-festival-chocolate\/","title":{"rendered":"Galletas Festival Chocolate"},"content":{"rendered":"","protected":false},"excerpt":{"rendered":"<p>Die Chocolate Festival Biscuits sind k\u00f6stliche Kekse kolumbianischen Ursprungs, die sich durch ihren s\u00fc\u00dfen Geschmack und ihre knusprige Konsistenz auszeichnen.<\/p>\n<p><strong>ZUTATEN<\/strong><\/p>\n<p>Weizenmehl (Gluten), Zucker, Pflanziche Palmfett, Maniokst\u00e4rke, Kakao (2,9%), Invertzucker, Wasser, Backtriebmittel (Natriumbicarbonat, Ammoniumbicarbonat, Calciumphosphate), Salz, Emulgator (Sojalecithine), K\u00fcnstliche Vanille Aroma, Milch (Laktose)<\/p>","protected":false},"featured_media":16558,"template":"","meta":[],"product_brand":[569],"product_cat":[969],"product_tag":[],"class_list":{"0":"post-16557","1":"product","2":"type-product","3":"status-publish","4":"has-post-thumbnail","6":"product_brand-noel","7":"product_cat-dulces-y-galletas","10":"first","11":"instock","12":"taxable","13":"shipping-taxable","14":"purchasable","15":"product-type-simple"},"_links":{"self":[{"href":"https:\/\/latinopoint.grupobitnet.com\/de\/wp-json\/wp\/v2\/product\/16557","targetHints":{"allow":["GET"]}}],"collection":[{"href":"https:\/\/latinopoint.grupobitnet.com\/de\/wp-json\/wp\/v2\/product"}],"about":[{"href":"https:\/\/latinopoint.grupobitnet.com\/de\/wp-json\/wp\/v2\/types\/product"}],"wp:featuredmedia":[{"embeddable":true,"href":"https:\/\/latinopoint.grupobitnet.com\/de\/wp-json\/wp\/v2\/media\/16558"}],"wp:attachment":[{"href":"https:\/\/latinopoint.grupobitnet.com\/de\/wp-json\/wp\/v2\/media?parent=16557"}],"wp:term":[{"taxonomy":"product_brand","embeddable":true,"href":"https:\/\/latinopoint.grupobitnet.com\/de\/wp-json\/wp\/v2\/product_brand?post=16557"},{"taxonomy":"product_cat","embeddable":true,"href":"https:\/\/latinopoint.grupobitnet.com\/de\/wp-json\/wp\/v2\/product_cat?post=16557"},{"taxonomy":"product_tag","embeddable":true,"href":"https:\/\/latinopoint.grupobitnet.com\/de\/wp-json\/wp\/v2\/product_tag?post=16557"}],"curies":[{"name":"wp","href":"https:\/\/api.w.org\/{rel}","templated":true}]}}