{"id":16563,"date":"2025-06-21T19:27:55","date_gmt":"2025-06-21T23:27:55","guid":{"rendered":"https:\/\/latinopoint.grupobitnet.com\/?post_type=product&#038;p=16563"},"modified":"2025-11-29T13:22:48","modified_gmt":"2025-11-29T17:22:48","slug":"cholula-original","status":"publish","type":"product","link":"https:\/\/latinopoint.grupobitnet.com\/de\/product\/cholula-original\/","title":{"rendered":"Cholula Original"},"content":{"rendered":"","protected":false},"excerpt":{"rendered":"<p>Cholula-Sauce ist eine mexikanische scharfe Sauce, die aus einer Mischung von Chiles de \u00e1rbol und Piqu\u00edn sowie einer Vielzahl regionaler Gew\u00fcrze hergestellt wird. Ihr Geschmack wird als s\u00fc\u00df und sauer beschrieben, mit einer milden Sch\u00e4rfe und einem reichen, w\u00fcrzigen Geschmack.<\/p>\n<p><strong>ZUTATEN<\/strong><\/p>\n<p>Wasser, Arbol Chili, Piquin, Gew\u00fcrze, jodiertes Salz, Knoblauch in pulver, Xantangumi<\/p>","protected":false},"featured_media":16564,"template":"","meta":[],"product_brand":[704],"product_cat":[967],"product_tag":[],"class_list":{"0":"post-16563","1":"product","2":"type-product","3":"status-publish","4":"has-post-thumbnail","6":"product_brand-cholula","7":"product_cat-salsas","10":"first","11":"instock","12":"taxable","13":"shipping-taxable","14":"purchasable","15":"product-type-simple"},"_links":{"self":[{"href":"https:\/\/latinopoint.grupobitnet.com\/de\/wp-json\/wp\/v2\/product\/16563","targetHints":{"allow":["GET"]}}],"collection":[{"href":"https:\/\/latinopoint.grupobitnet.com\/de\/wp-json\/wp\/v2\/product"}],"about":[{"href":"https:\/\/latinopoint.grupobitnet.com\/de\/wp-json\/wp\/v2\/types\/product"}],"wp:featuredmedia":[{"embeddable":true,"href":"https:\/\/latinopoint.grupobitnet.com\/de\/wp-json\/wp\/v2\/media\/16564"}],"wp:attachment":[{"href":"https:\/\/latinopoint.grupobitnet.com\/de\/wp-json\/wp\/v2\/media?parent=16563"}],"wp:term":[{"taxonomy":"product_brand","embeddable":true,"href":"https:\/\/latinopoint.grupobitnet.com\/de\/wp-json\/wp\/v2\/product_brand?post=16563"},{"taxonomy":"product_cat","embeddable":true,"href":"https:\/\/latinopoint.grupobitnet.com\/de\/wp-json\/wp\/v2\/product_cat?post=16563"},{"taxonomy":"product_tag","embeddable":true,"href":"https:\/\/latinopoint.grupobitnet.com\/de\/wp-json\/wp\/v2\/product_tag?post=16563"}],"curies":[{"name":"wp","href":"https:\/\/api.w.org\/{rel}","templated":true}]}}