{"id":16609,"date":"2025-07-02T14:18:34","date_gmt":"2025-07-02T18:18:34","guid":{"rendered":"https:\/\/latinopoint.grupobitnet.com\/?post_type=product&#038;p=16609"},"modified":"2025-11-29T13:20:17","modified_gmt":"2025-11-29T17:20:17","slug":"tempero-para-frango","status":"publish","type":"product","link":"https:\/\/latinopoint.grupobitnet.com\/de\/product\/tempero-para-frango\/","title":{"rendered":"Tempero para Frango"},"content":{"rendered":"","protected":false},"excerpt":{"rendered":"<p>Es ist die perfekte Gew\u00fcrzmischung, um Ihren H\u00e4hnchengerichten einen intensiven und k\u00f6stlichen Geschmack zu verleihen. Die spezielle Kombination aus Kr\u00e4utern und Gew\u00fcrzen verbessert den Geschmack von Rezepten wie Brath\u00e4hnchen, Grillh\u00e4hnchen, Eint\u00f6pfen und Aufl\u00e4ufen.<\/p>\n<p><strong>ZUTATEN<\/strong><\/p>\n<p>Salz, Koriander, Farbstoff, Paprika, Zwiebel, Kreuzk\u00fcmmel, zubereitete Zwiebelw\u00fcrze und die Geschmacksverst\u00e4rker Mononatriumglutamat, Dinatriuminosinat und Dinatriumguanylat.<\/p>","protected":false},"featured_media":16610,"template":"","meta":[],"product_brand":[696],"product_cat":[966],"product_tag":[],"class_list":{"0":"post-16609","1":"product","2":"type-product","3":"status-publish","4":"has-post-thumbnail","6":"product_brand-sazon","7":"product_cat-especias-pastas-para-marinar-y-mole","10":"first","11":"instock","12":"taxable","13":"shipping-taxable","14":"purchasable","15":"product-type-simple"},"_links":{"self":[{"href":"https:\/\/latinopoint.grupobitnet.com\/de\/wp-json\/wp\/v2\/product\/16609","targetHints":{"allow":["GET"]}}],"collection":[{"href":"https:\/\/latinopoint.grupobitnet.com\/de\/wp-json\/wp\/v2\/product"}],"about":[{"href":"https:\/\/latinopoint.grupobitnet.com\/de\/wp-json\/wp\/v2\/types\/product"}],"wp:featuredmedia":[{"embeddable":true,"href":"https:\/\/latinopoint.grupobitnet.com\/de\/wp-json\/wp\/v2\/media\/16610"}],"wp:attachment":[{"href":"https:\/\/latinopoint.grupobitnet.com\/de\/wp-json\/wp\/v2\/media?parent=16609"}],"wp:term":[{"taxonomy":"product_brand","embeddable":true,"href":"https:\/\/latinopoint.grupobitnet.com\/de\/wp-json\/wp\/v2\/product_brand?post=16609"},{"taxonomy":"product_cat","embeddable":true,"href":"https:\/\/latinopoint.grupobitnet.com\/de\/wp-json\/wp\/v2\/product_cat?post=16609"},{"taxonomy":"product_tag","embeddable":true,"href":"https:\/\/latinopoint.grupobitnet.com\/de\/wp-json\/wp\/v2\/product_tag?post=16609"}],"curies":[{"name":"wp","href":"https:\/\/api.w.org\/{rel}","templated":true}]}}