{"id":16633,"date":"2025-07-02T16:25:18","date_gmt":"2025-07-02T20:25:18","guid":{"rendered":"https:\/\/latinopoint.grupobitnet.com\/?post_type=product&#038;p=16633"},"modified":"2025-11-29T13:20:17","modified_gmt":"2025-11-29T17:20:17","slug":"pasta-de-aji-dulce","status":"publish","type":"product","link":"https:\/\/latinopoint.grupobitnet.com\/de\/product\/pasta-de-aji-dulce\/","title":{"rendered":"Pasta de Aj\u00ed dulce"},"content":{"rendered":"","protected":false},"excerpt":{"rendered":"<p>Die s\u00fc\u00dfe Chilipaste von Goya ist eine s\u00fc\u00dfe Chilipaste, die als Gew\u00fcrz in der K\u00fcche, insbesondere in der venezolanischen K\u00fcche, verwendet wird. Es ist eine s\u00fc\u00df-saure Paste, die unter anderem f\u00fcr die Zubereitung von Sofritos, So\u00dfen, Eint\u00f6pfen, Fajitas, Burritos und Enchiladas verwendet werden kann.<\/p>\n<p><strong>ZUTATEN<\/strong><\/p>\n<p>Paprikapaste (15%), Tomate, Rocoto-Paprika (27%), Zwiebel, Soja\u00f6l, Essig, Salz, Zucker und Gew\u00fcrze.<\/p>","protected":false},"featured_media":16634,"template":"","meta":[],"product_brand":[716],"product_cat":[966],"product_tag":[],"class_list":{"0":"post-16633","1":"product","2":"type-product","3":"status-publish","4":"has-post-thumbnail","6":"product_brand-goya","7":"product_cat-especias-pastas-para-marinar-y-mole","10":"first","11":"instock","12":"taxable","13":"shipping-taxable","14":"purchasable","15":"product-type-simple"},"_links":{"self":[{"href":"https:\/\/latinopoint.grupobitnet.com\/de\/wp-json\/wp\/v2\/product\/16633","targetHints":{"allow":["GET"]}}],"collection":[{"href":"https:\/\/latinopoint.grupobitnet.com\/de\/wp-json\/wp\/v2\/product"}],"about":[{"href":"https:\/\/latinopoint.grupobitnet.com\/de\/wp-json\/wp\/v2\/types\/product"}],"wp:featuredmedia":[{"embeddable":true,"href":"https:\/\/latinopoint.grupobitnet.com\/de\/wp-json\/wp\/v2\/media\/16634"}],"wp:attachment":[{"href":"https:\/\/latinopoint.grupobitnet.com\/de\/wp-json\/wp\/v2\/media?parent=16633"}],"wp:term":[{"taxonomy":"product_brand","embeddable":true,"href":"https:\/\/latinopoint.grupobitnet.com\/de\/wp-json\/wp\/v2\/product_brand?post=16633"},{"taxonomy":"product_cat","embeddable":true,"href":"https:\/\/latinopoint.grupobitnet.com\/de\/wp-json\/wp\/v2\/product_cat?post=16633"},{"taxonomy":"product_tag","embeddable":true,"href":"https:\/\/latinopoint.grupobitnet.com\/de\/wp-json\/wp\/v2\/product_tag?post=16633"}],"curies":[{"name":"wp","href":"https:\/\/api.w.org\/{rel}","templated":true}]}}