{"id":16693,"date":"2025-07-03T11:37:31","date_gmt":"2025-07-03T15:37:31","guid":{"rendered":"https:\/\/latinopoint.grupobitnet.com\/?post_type=product&#038;p=16693"},"modified":"2025-11-29T13:22:48","modified_gmt":"2025-11-29T17:22:48","slug":"cholula-chipotle","status":"publish","type":"product","link":"https:\/\/latinopoint.grupobitnet.com\/de\/product\/cholula-chipotle\/","title":{"rendered":"Cholula chipotle"},"content":{"rendered":"","protected":false},"excerpt":{"rendered":"<p>Die Cholula Chipotle Sauce ist eine mexikanische scharfe Sauce, die sich durch ihren rauchigen Geschmack und ihre moderate Sch\u00e4rfe auszeichnet, die sie der Kombination von Chipotle-, Arbol- und Piqu\u00edn-Chilis verdankt. Sie ist ideal, um den Geschmack von Fleisch, insbesondere von Schweine- und H\u00fchnerfleisch, sowie von anderen Gerichten wie Hamburgern, H\u00e4hnchenfl\u00fcgeln und Nachos zu verfeinern.<\/p>\n<p><strong>ZUTATEN<\/strong><\/p>\n<p>Wasser, Salz, Chili, Branntweinessig, Apfelessig, Aroma, Gew\u00fcrze, Verdickungsmittel E415, S\u00e4uerungsmittel E330, Farbstoff E 150d<\/p>","protected":false},"featured_media":16694,"template":"","meta":[],"product_brand":[704],"product_cat":[967],"product_tag":[],"class_list":{"0":"post-16693","1":"product","2":"type-product","3":"status-publish","4":"has-post-thumbnail","6":"product_brand-cholula","7":"product_cat-salsas","10":"first","11":"instock","12":"taxable","13":"shipping-taxable","14":"purchasable","15":"product-type-simple"},"_links":{"self":[{"href":"https:\/\/latinopoint.grupobitnet.com\/de\/wp-json\/wp\/v2\/product\/16693","targetHints":{"allow":["GET"]}}],"collection":[{"href":"https:\/\/latinopoint.grupobitnet.com\/de\/wp-json\/wp\/v2\/product"}],"about":[{"href":"https:\/\/latinopoint.grupobitnet.com\/de\/wp-json\/wp\/v2\/types\/product"}],"wp:featuredmedia":[{"embeddable":true,"href":"https:\/\/latinopoint.grupobitnet.com\/de\/wp-json\/wp\/v2\/media\/16694"}],"wp:attachment":[{"href":"https:\/\/latinopoint.grupobitnet.com\/de\/wp-json\/wp\/v2\/media?parent=16693"}],"wp:term":[{"taxonomy":"product_brand","embeddable":true,"href":"https:\/\/latinopoint.grupobitnet.com\/de\/wp-json\/wp\/v2\/product_brand?post=16693"},{"taxonomy":"product_cat","embeddable":true,"href":"https:\/\/latinopoint.grupobitnet.com\/de\/wp-json\/wp\/v2\/product_cat?post=16693"},{"taxonomy":"product_tag","embeddable":true,"href":"https:\/\/latinopoint.grupobitnet.com\/de\/wp-json\/wp\/v2\/product_tag?post=16693"}],"curies":[{"name":"wp","href":"https:\/\/api.w.org\/{rel}","templated":true}]}}