{"id":16699,"date":"2025-07-04T12:03:38","date_gmt":"2025-07-04T16:03:38","guid":{"rendered":"https:\/\/latinopoint.grupobitnet.com\/?post_type=product&#038;p=16699"},"modified":"2025-11-29T13:19:09","modified_gmt":"2025-11-29T17:19:09","slug":"pa%d2%aboca-rolha-moreninha-do-rio","status":"publish","type":"product","link":"https:\/\/latinopoint.grupobitnet.com\/de\/product\/pa%d2%aboca-rolha-moreninha-do-rio\/","title":{"rendered":"Pa\u04aboca Rolha Moreninha do Rio"},"content":{"rendered":"","protected":false},"excerpt":{"rendered":"<p>Pa\u00e7oca Moreninha do Rio ist eine traditionelle brasilianische Erdnuss-Pa\u00e7oca, die aus ger\u00f6steten Erdn\u00fcssen, Zucker und Salz hergestellt wird. Sie ist f\u00fcr ihren charakteristischen Geschmack und ihre knusprige Konsistenz bekannt und geh\u00f6rt zu den beliebtesten S\u00fc\u00dfigkeiten w\u00e4hrend der Juni-Feierlichkeiten und wird das ganze Jahr \u00fcber verzehrt.<\/p>\n<p><strong>ZUTATEN<\/strong><\/p>\n<p>Ger\u00f6stete und gemahlene Erdn\u00fcsse, Zucker, Salz<\/p>","protected":false},"featured_media":16700,"template":"","meta":[],"product_brand":[735],"product_cat":[969],"product_tag":[],"class_list":{"0":"post-16699","1":"product","2":"type-product","3":"status-publish","4":"has-post-thumbnail","6":"product_brand-rio","7":"product_cat-dulces-y-galletas","10":"first","11":"instock","12":"taxable","13":"shipping-taxable","14":"purchasable","15":"product-type-simple"},"_links":{"self":[{"href":"https:\/\/latinopoint.grupobitnet.com\/de\/wp-json\/wp\/v2\/product\/16699","targetHints":{"allow":["GET"]}}],"collection":[{"href":"https:\/\/latinopoint.grupobitnet.com\/de\/wp-json\/wp\/v2\/product"}],"about":[{"href":"https:\/\/latinopoint.grupobitnet.com\/de\/wp-json\/wp\/v2\/types\/product"}],"wp:featuredmedia":[{"embeddable":true,"href":"https:\/\/latinopoint.grupobitnet.com\/de\/wp-json\/wp\/v2\/media\/16700"}],"wp:attachment":[{"href":"https:\/\/latinopoint.grupobitnet.com\/de\/wp-json\/wp\/v2\/media?parent=16699"}],"wp:term":[{"taxonomy":"product_brand","embeddable":true,"href":"https:\/\/latinopoint.grupobitnet.com\/de\/wp-json\/wp\/v2\/product_brand?post=16699"},{"taxonomy":"product_cat","embeddable":true,"href":"https:\/\/latinopoint.grupobitnet.com\/de\/wp-json\/wp\/v2\/product_cat?post=16699"},{"taxonomy":"product_tag","embeddable":true,"href":"https:\/\/latinopoint.grupobitnet.com\/de\/wp-json\/wp\/v2\/product_tag?post=16699"}],"curies":[{"name":"wp","href":"https:\/\/api.w.org\/{rel}","templated":true}]}}