{"id":16733,"date":"2025-07-09T15:38:49","date_gmt":"2025-07-09T19:38:49","guid":{"rendered":"https:\/\/latinopoint.grupobitnet.com\/?post_type=product&#038;p=16733"},"modified":"2025-11-29T13:19:42","modified_gmt":"2025-11-29T17:19:42","slug":"sal-de-fruta-eno-laranja-1pz","status":"publish","type":"product","link":"https:\/\/latinopoint.grupobitnet.com\/de\/product\/sal-de-fruta-eno-laranja-1pz\/","title":{"rendered":"Sal de Fruta  ENO Laranja 1Pz"},"content":{"rendered":"","protected":false},"excerpt":{"rendered":"<p>Eno Fruchtsalz mit Orangengeschmack ist ein Antazidum, das sich in Wasser aufl\u00f6st und ein Sprudeln erzeugt, um \u00fcbersch\u00fcssige S\u00e4ure im Magen zu neutralisieren und so Sodbrennen und Brennen zu lindern. Der Geschmack ist zitrusartig und \u00e4hnelt einer Orange.  Nehmen Sie maximal 2 Beutel pro Tag mit einem Abstand von mindestens 2 bis 3 Stunden ein. Nicht geeignet f\u00fcr Kinder unter 12 Jahren.<\/p>\n<p><strong>ZUTATEN<\/strong><\/p>\n<p>Natriumhydrogencarbonat, S\u00e4uerungsmittel: Zitronens\u00e4ure, Natriumcarbonat. Aroma, S\u00fc\u00dfstoff: Saccharin-Natrium, Farbstoff (E110)<\/p>","protected":false},"featured_media":16734,"template":"","meta":[],"product_brand":[746],"product_cat":[688],"product_tag":[],"class_list":{"0":"post-16733","1":"product","2":"type-product","3":"status-publish","4":"has-post-thumbnail","6":"product_brand-eno","7":"product_cat-especialidades","10":"first","11":"instock","12":"taxable","13":"shipping-taxable","14":"purchasable","15":"product-type-simple"},"_links":{"self":[{"href":"https:\/\/latinopoint.grupobitnet.com\/de\/wp-json\/wp\/v2\/product\/16733","targetHints":{"allow":["GET"]}}],"collection":[{"href":"https:\/\/latinopoint.grupobitnet.com\/de\/wp-json\/wp\/v2\/product"}],"about":[{"href":"https:\/\/latinopoint.grupobitnet.com\/de\/wp-json\/wp\/v2\/types\/product"}],"wp:featuredmedia":[{"embeddable":true,"href":"https:\/\/latinopoint.grupobitnet.com\/de\/wp-json\/wp\/v2\/media\/16734"}],"wp:attachment":[{"href":"https:\/\/latinopoint.grupobitnet.com\/de\/wp-json\/wp\/v2\/media?parent=16733"}],"wp:term":[{"taxonomy":"product_brand","embeddable":true,"href":"https:\/\/latinopoint.grupobitnet.com\/de\/wp-json\/wp\/v2\/product_brand?post=16733"},{"taxonomy":"product_cat","embeddable":true,"href":"https:\/\/latinopoint.grupobitnet.com\/de\/wp-json\/wp\/v2\/product_cat?post=16733"},{"taxonomy":"product_tag","embeddable":true,"href":"https:\/\/latinopoint.grupobitnet.com\/de\/wp-json\/wp\/v2\/product_tag?post=16733"}],"curies":[{"name":"wp","href":"https:\/\/api.w.org\/{rel}","templated":true}]}}