{"id":16745,"date":"2025-07-09T16:43:06","date_gmt":"2025-07-09T20:43:06","guid":{"rendered":"https:\/\/latinopoint.grupobitnet.com\/?post_type=product&#038;p=16745"},"modified":"2025-11-29T13:19:42","modified_gmt":"2025-11-29T17:19:42","slug":"gelatina-sabor-mirtilo-arandano-0-azucares","status":"publish","type":"product","link":"https:\/\/latinopoint.grupobitnet.com\/de\/product\/gelatina-sabor-mirtilo-arandano-0-azucares\/","title":{"rendered":"Gelatina sabor mirtilo ar\u00e1ndano 0% Az\u00facares"},"content":{"rendered":"","protected":false},"excerpt":{"rendered":"<p>Royal Blueberry Myrtilus aromatisierte zuckerfreie Gelatine ist ein pulverf\u00f6rmiges Dessert, das mit Wasser gemischt wird, um eine Gelatine mit Blaubeergeschmack herzustellen. Sie schmeckt s\u00fc\u00df und leicht s\u00e4uerlich, \u00e4hnlich wie frische Blaubeeren, aber ohne den zugesetzten Zucker.<\/p>\n<p><strong>ZUTATEN<\/strong><\/p>\n<p>Gelatine (57%), S\u00fc\u00dfungsmittel (Malzextrakt, Aspartam, Acesulfam K), S\u00e4ureregulatoren (Fumars\u00e4ure, Trinatriumcitrat, Zitronens\u00e4ure), konzentrierter schwarzer Karottensaft, Aromen, Vitamin C, Salz, Farbstoff (E133)<\/p>","protected":false},"featured_media":16746,"template":"","meta":[],"product_brand":[748],"product_cat":[688],"product_tag":[],"class_list":{"0":"post-16745","1":"product","2":"type-product","3":"status-publish","4":"has-post-thumbnail","6":"product_brand-royal","7":"product_cat-especialidades","10":"first","11":"instock","12":"taxable","13":"shipping-taxable","14":"purchasable","15":"product-type-simple"},"_links":{"self":[{"href":"https:\/\/latinopoint.grupobitnet.com\/de\/wp-json\/wp\/v2\/product\/16745","targetHints":{"allow":["GET"]}}],"collection":[{"href":"https:\/\/latinopoint.grupobitnet.com\/de\/wp-json\/wp\/v2\/product"}],"about":[{"href":"https:\/\/latinopoint.grupobitnet.com\/de\/wp-json\/wp\/v2\/types\/product"}],"wp:featuredmedia":[{"embeddable":true,"href":"https:\/\/latinopoint.grupobitnet.com\/de\/wp-json\/wp\/v2\/media\/16746"}],"wp:attachment":[{"href":"https:\/\/latinopoint.grupobitnet.com\/de\/wp-json\/wp\/v2\/media?parent=16745"}],"wp:term":[{"taxonomy":"product_brand","embeddable":true,"href":"https:\/\/latinopoint.grupobitnet.com\/de\/wp-json\/wp\/v2\/product_brand?post=16745"},{"taxonomy":"product_cat","embeddable":true,"href":"https:\/\/latinopoint.grupobitnet.com\/de\/wp-json\/wp\/v2\/product_cat?post=16745"},{"taxonomy":"product_tag","embeddable":true,"href":"https:\/\/latinopoint.grupobitnet.com\/de\/wp-json\/wp\/v2\/product_tag?post=16745"}],"curies":[{"name":"wp","href":"https:\/\/api.w.org\/{rel}","templated":true}]}}