{"id":16760,"date":"2025-07-09T17:08:11","date_gmt":"2025-07-09T21:08:11","guid":{"rendered":"https:\/\/latinopoint.grupobitnet.com\/?post_type=product&#038;p=16760"},"modified":"2025-11-29T13:19:42","modified_gmt":"2025-11-29T17:19:42","slug":"gelatina-sabor-morango-fresa-0-azucares","status":"publish","type":"product","link":"https:\/\/latinopoint.grupobitnet.com\/de\/product\/gelatina-sabor-morango-fresa-0-azucares\/","title":{"rendered":"Gelatina sabor Morango Fresa  0% Az\u00facares"},"content":{"rendered":"","protected":false},"excerpt":{"rendered":"<p>Royal Morango Erdbeergelee 0 Zucker ist ein Gelatinepulver zum Zubereiten, mit Erdbeergeschmack und ohne Zuckerzusatz. Es schmeckt s\u00fc\u00df und leicht s\u00e4uerlich nach Erdbeere, als erfrischende und leichte Nachspeise<\/p>\n<p><strong>ZUTATEN<\/strong><\/p>\n<p>Gelatine (57%), S\u00fc\u00dfungsmittel (Maltit, Aspartam, Acesulfam K), S\u00e4ureregulatoren (Fumars\u00e4ure, Trinatriumcitrat, Zitronens\u00e4ure), schwarzes Karottensaftkonzentrat, Aromen, Vitamin C, Salz.<\/p>","protected":false},"featured_media":16761,"template":"","meta":[],"product_brand":[748],"product_cat":[688],"product_tag":[],"class_list":{"0":"post-16760","1":"product","2":"type-product","3":"status-publish","4":"has-post-thumbnail","6":"product_brand-royal","7":"product_cat-especialidades","10":"first","11":"instock","12":"taxable","13":"shipping-taxable","14":"purchasable","15":"product-type-simple"},"_links":{"self":[{"href":"https:\/\/latinopoint.grupobitnet.com\/de\/wp-json\/wp\/v2\/product\/16760","targetHints":{"allow":["GET"]}}],"collection":[{"href":"https:\/\/latinopoint.grupobitnet.com\/de\/wp-json\/wp\/v2\/product"}],"about":[{"href":"https:\/\/latinopoint.grupobitnet.com\/de\/wp-json\/wp\/v2\/types\/product"}],"wp:featuredmedia":[{"embeddable":true,"href":"https:\/\/latinopoint.grupobitnet.com\/de\/wp-json\/wp\/v2\/media\/16761"}],"wp:attachment":[{"href":"https:\/\/latinopoint.grupobitnet.com\/de\/wp-json\/wp\/v2\/media?parent=16760"}],"wp:term":[{"taxonomy":"product_brand","embeddable":true,"href":"https:\/\/latinopoint.grupobitnet.com\/de\/wp-json\/wp\/v2\/product_brand?post=16760"},{"taxonomy":"product_cat","embeddable":true,"href":"https:\/\/latinopoint.grupobitnet.com\/de\/wp-json\/wp\/v2\/product_cat?post=16760"},{"taxonomy":"product_tag","embeddable":true,"href":"https:\/\/latinopoint.grupobitnet.com\/de\/wp-json\/wp\/v2\/product_tag?post=16760"}],"curies":[{"name":"wp","href":"https:\/\/api.w.org\/{rel}","templated":true}]}}