{"id":16796,"date":"2025-07-10T16:15:07","date_gmt":"2025-07-10T20:15:07","guid":{"rendered":"https:\/\/latinopoint.grupobitnet.com\/?post_type=product&#038;p=16796"},"modified":"2025-11-29T13:19:08","modified_gmt":"2025-11-29T17:19:08","slug":"mantecol-clasico","status":"publish","type":"product","link":"https:\/\/latinopoint.grupobitnet.com\/de\/product\/mantecol-clasico\/","title":{"rendered":"Mantecol cl\u00e1sico"},"content":{"rendered":"","protected":false},"excerpt":{"rendered":"<p>Mantecol ist eine typisch argentinische S\u00fc\u00dfigkeit, \u00e4hnlich wie Nougat, aber auf der Basis von Erdnusspaste und mit einem leichten Hauch von Kakao. Sein Geschmack ist eine Kombination aus der S\u00fc\u00dfe der Erdnusspaste mit einem milden Schokoladengeschmack und einem Hauch von Vanille. Die Textur ist halbweich, mit einem marmorierten oder glasierten Aussehen.<\/p>\n<p><strong>ZUTATEN<\/strong><\/p>\n<p>Erdnusspaste, Glukosesirup, Zucker, Palm\u00f6l, Eiwei\u00df, Soja\u00f6l, Kakaopulver, Emulgator: Mono- und Diglyceride von Speisefetts\u00e4uren, S\u00e4ureregulator: Zitronens\u00e4ure, naturidentisches Aroma: Vanille.<\/p>","protected":false},"featured_media":16797,"template":"","meta":[],"product_brand":[566],"product_cat":[969],"product_tag":[],"class_list":{"0":"post-16796","1":"product","2":"type-product","3":"status-publish","4":"has-post-thumbnail","6":"product_brand-industria-argentina","7":"product_cat-dulces-y-galletas","10":"first","11":"instock","12":"taxable","13":"shipping-taxable","14":"purchasable","15":"product-type-simple"},"_links":{"self":[{"href":"https:\/\/latinopoint.grupobitnet.com\/de\/wp-json\/wp\/v2\/product\/16796","targetHints":{"allow":["GET"]}}],"collection":[{"href":"https:\/\/latinopoint.grupobitnet.com\/de\/wp-json\/wp\/v2\/product"}],"about":[{"href":"https:\/\/latinopoint.grupobitnet.com\/de\/wp-json\/wp\/v2\/types\/product"}],"wp:featuredmedia":[{"embeddable":true,"href":"https:\/\/latinopoint.grupobitnet.com\/de\/wp-json\/wp\/v2\/media\/16797"}],"wp:attachment":[{"href":"https:\/\/latinopoint.grupobitnet.com\/de\/wp-json\/wp\/v2\/media?parent=16796"}],"wp:term":[{"taxonomy":"product_brand","embeddable":true,"href":"https:\/\/latinopoint.grupobitnet.com\/de\/wp-json\/wp\/v2\/product_brand?post=16796"},{"taxonomy":"product_cat","embeddable":true,"href":"https:\/\/latinopoint.grupobitnet.com\/de\/wp-json\/wp\/v2\/product_cat?post=16796"},{"taxonomy":"product_tag","embeddable":true,"href":"https:\/\/latinopoint.grupobitnet.com\/de\/wp-json\/wp\/v2\/product_tag?post=16796"}],"curies":[{"name":"wp","href":"https:\/\/api.w.org\/{rel}","templated":true}]}}