{"id":16875,"date":"2025-07-14T14:36:54","date_gmt":"2025-07-14T18:36:54","guid":{"rendered":"https:\/\/latinopoint.grupobitnet.com\/?post_type=product&#038;p=16875"},"modified":"2025-11-29T13:22:48","modified_gmt":"2025-11-29T17:22:48","slug":"salsa-de-guacamole","status":"publish","type":"product","link":"https:\/\/latinopoint.grupobitnet.com\/de\/product\/salsa-de-guacamole\/","title":{"rendered":"Salsa de Guacamole"},"content":{"rendered":"","protected":false},"excerpt":{"rendered":"<p>Herdez Guacamole Salsa ist eine gebrauchsfertige mexikanische Salsa, die den Geschmack von Avocado mit Zutaten wie gr\u00fcnen Tomaten, Zwiebeln, Koriander und Chili kombiniert und eine w\u00fcrzige und cremige Note bietet. Ihr Geschmack wird als frisch beschrieben, mit einem Hauch von Avocado und einer leichten Sch\u00e4rfe, ideal zu Tacos, Nachos, Quesadillas oder anderen mexikanischen Gerichten.<\/p>\n<p><strong>ZUTATEN<\/strong><\/p>\n<p>Wasser, gr\u00fcner tomate, gem\u00fcse\u00f6l, chili, avocado (5%), zwiebel, Koriander, k\u00fcnstliche und nat\u00fcrliche saurizer, Jodsalz, Zitronensaft, Knoblaupulver, natrium eritorbat, Xanthan-gummi, Gum guar, s\u00e4ure Ascorbic, zitronens\u00e4ure und Kunstfarben tartrazine, Sunny gelb und hellblau<\/p>","protected":false},"featured_media":16876,"template":"","meta":[],"product_brand":[693],"product_cat":[967],"product_tag":[],"class_list":{"0":"post-16875","1":"product","2":"type-product","3":"status-publish","4":"has-post-thumbnail","6":"product_brand-herdez","7":"product_cat-salsas","10":"first","11":"instock","12":"taxable","13":"shipping-taxable","14":"purchasable","15":"product-type-simple"},"_links":{"self":[{"href":"https:\/\/latinopoint.grupobitnet.com\/de\/wp-json\/wp\/v2\/product\/16875","targetHints":{"allow":["GET"]}}],"collection":[{"href":"https:\/\/latinopoint.grupobitnet.com\/de\/wp-json\/wp\/v2\/product"}],"about":[{"href":"https:\/\/latinopoint.grupobitnet.com\/de\/wp-json\/wp\/v2\/types\/product"}],"wp:featuredmedia":[{"embeddable":true,"href":"https:\/\/latinopoint.grupobitnet.com\/de\/wp-json\/wp\/v2\/media\/16876"}],"wp:attachment":[{"href":"https:\/\/latinopoint.grupobitnet.com\/de\/wp-json\/wp\/v2\/media?parent=16875"}],"wp:term":[{"taxonomy":"product_brand","embeddable":true,"href":"https:\/\/latinopoint.grupobitnet.com\/de\/wp-json\/wp\/v2\/product_brand?post=16875"},{"taxonomy":"product_cat","embeddable":true,"href":"https:\/\/latinopoint.grupobitnet.com\/de\/wp-json\/wp\/v2\/product_cat?post=16875"},{"taxonomy":"product_tag","embeddable":true,"href":"https:\/\/latinopoint.grupobitnet.com\/de\/wp-json\/wp\/v2\/product_tag?post=16875"}],"curies":[{"name":"wp","href":"https:\/\/api.w.org\/{rel}","templated":true}]}}