{"id":16921,"date":"2025-07-14T16:13:51","date_gmt":"2025-07-14T20:13:51","guid":{"rendered":"https:\/\/latinopoint.grupobitnet.com\/?post_type=product&#038;p=16921"},"modified":"2025-11-24T22:45:00","modified_gmt":"2025-11-25T02:45:00","slug":"cerveza-modelo-negra","status":"publish","type":"product","link":"https:\/\/latinopoint.grupobitnet.com\/de\/product\/cerveza-modelo-negra\/","title":{"rendered":"Cerveza Modelo Negra"},"content":{"rendered":"","protected":false},"excerpt":{"rendered":"<p>Cerveza Negra Modelo hat eine dunkelbraune Farbe mit rubinroten Reflexen. In der Nase riecht es nach ger\u00f6stetem Malz und Karamell, mit Ankl\u00e4ngen an Schokolade und Kaffee. Am Gaumen ist es weich und ausgewogen, mit einem Geschmack von ger\u00f6stetem Malz, einem Hauch von S\u00fc\u00dfe und einer leichten Bitterkeit. Es hat einen mittleren K\u00f6rper und eine m\u00e4\u00dfige Kohlens\u00e4ure.<\/p>\n<p><strong>ZUTATEN<\/strong><\/p>\n<p>Wasser, Gerstenmalz, Reis, Papain, Antioxidationsmittel E300, Farbstoff Zuckerkul\u00f6r, Stabilisator E405<\/p>","protected":false},"featured_media":16922,"template":"","meta":[],"product_brand":[783],"product_cat":[782],"product_tag":[],"class_list":{"0":"post-16921","1":"product","2":"type-product","3":"status-publish","4":"has-post-thumbnail","6":"product_brand-modelo","7":"product_cat-bebidas-alcoholicas","10":"first","11":"instock","12":"taxable","13":"shipping-taxable","14":"purchasable","15":"product-type-simple"},"_links":{"self":[{"href":"https:\/\/latinopoint.grupobitnet.com\/de\/wp-json\/wp\/v2\/product\/16921","targetHints":{"allow":["GET"]}}],"collection":[{"href":"https:\/\/latinopoint.grupobitnet.com\/de\/wp-json\/wp\/v2\/product"}],"about":[{"href":"https:\/\/latinopoint.grupobitnet.com\/de\/wp-json\/wp\/v2\/types\/product"}],"wp:featuredmedia":[{"embeddable":true,"href":"https:\/\/latinopoint.grupobitnet.com\/de\/wp-json\/wp\/v2\/media\/16922"}],"wp:attachment":[{"href":"https:\/\/latinopoint.grupobitnet.com\/de\/wp-json\/wp\/v2\/media?parent=16921"}],"wp:term":[{"taxonomy":"product_brand","embeddable":true,"href":"https:\/\/latinopoint.grupobitnet.com\/de\/wp-json\/wp\/v2\/product_brand?post=16921"},{"taxonomy":"product_cat","embeddable":true,"href":"https:\/\/latinopoint.grupobitnet.com\/de\/wp-json\/wp\/v2\/product_cat?post=16921"},{"taxonomy":"product_tag","embeddable":true,"href":"https:\/\/latinopoint.grupobitnet.com\/de\/wp-json\/wp\/v2\/product_tag?post=16921"}],"curies":[{"name":"wp","href":"https:\/\/api.w.org\/{rel}","templated":true}]}}