{"id":16924,"date":"2025-07-14T16:17:42","date_gmt":"2025-07-14T20:17:42","guid":{"rendered":"https:\/\/latinopoint.grupobitnet.com\/?post_type=product&#038;p=16924"},"modified":"2025-11-24T22:45:21","modified_gmt":"2025-11-25T02:45:21","slug":"cerveza-club-colombia-dorada","status":"publish","type":"product","link":"https:\/\/latinopoint.grupobitnet.com\/de\/product\/cerveza-club-colombia-dorada\/","title":{"rendered":"Cerveza Club Colombia Dorada"},"content":{"rendered":"","protected":false},"excerpt":{"rendered":"<p>Club Colombia Dorada ist ein goldenes Lagerbier mit Kr\u00e4uter- und leichten Zitrusnoten, ideal f\u00fcr Meeresfr\u00fcchte oder leichte Salate.<\/p>\n<p><strong>ZUTATEN<\/strong><\/p>\n<p>Wasser, Gerstenmalz, Hopfen<\/p>","protected":false},"featured_media":16925,"template":"","meta":[],"product_brand":[784],"product_cat":[782],"product_tag":[],"class_list":{"0":"post-16924","1":"product","2":"type-product","3":"status-publish","4":"has-post-thumbnail","6":"product_brand-bavaria-cia","7":"product_cat-bebidas-alcoholicas","10":"first","11":"instock","12":"taxable","13":"shipping-taxable","14":"purchasable","15":"product-type-simple"},"_links":{"self":[{"href":"https:\/\/latinopoint.grupobitnet.com\/de\/wp-json\/wp\/v2\/product\/16924","targetHints":{"allow":["GET"]}}],"collection":[{"href":"https:\/\/latinopoint.grupobitnet.com\/de\/wp-json\/wp\/v2\/product"}],"about":[{"href":"https:\/\/latinopoint.grupobitnet.com\/de\/wp-json\/wp\/v2\/types\/product"}],"wp:featuredmedia":[{"embeddable":true,"href":"https:\/\/latinopoint.grupobitnet.com\/de\/wp-json\/wp\/v2\/media\/16925"}],"wp:attachment":[{"href":"https:\/\/latinopoint.grupobitnet.com\/de\/wp-json\/wp\/v2\/media?parent=16924"}],"wp:term":[{"taxonomy":"product_brand","embeddable":true,"href":"https:\/\/latinopoint.grupobitnet.com\/de\/wp-json\/wp\/v2\/product_brand?post=16924"},{"taxonomy":"product_cat","embeddable":true,"href":"https:\/\/latinopoint.grupobitnet.com\/de\/wp-json\/wp\/v2\/product_cat?post=16924"},{"taxonomy":"product_tag","embeddable":true,"href":"https:\/\/latinopoint.grupobitnet.com\/de\/wp-json\/wp\/v2\/product_tag?post=16924"}],"curies":[{"name":"wp","href":"https:\/\/api.w.org\/{rel}","templated":true}]}}