{"id":16936,"date":"2025-07-14T16:35:44","date_gmt":"2025-07-14T20:35:44","guid":{"rendered":"https:\/\/latinopoint.grupobitnet.com\/?post_type=product&#038;p=16936"},"modified":"2025-11-24T22:46:22","modified_gmt":"2025-11-25T02:46:22","slug":"cerveza-cusquena-dark-lager","status":"publish","type":"product","link":"https:\/\/latinopoint.grupobitnet.com\/de\/product\/cerveza-cusquena-dark-lager\/","title":{"rendered":"Cerveza Cusque\u00f1a Dark Lager"},"content":{"rendered":"","protected":false},"excerpt":{"rendered":"<p>Cerveza Cusque\u00f1a Dark hat einen Geschmack, der R\u00f6st- und Malznoten mit einem Hauch von Karamell und Schokolade kombiniert und ein Gleichgewicht zwischen S\u00fc\u00dfe und subtiler Bitterkeit bietet. Es wird als dunkles, intensives Bier mit einem tiefen R\u00f6stmalzaroma beschrieben, das dazu einl\u00e4dt, seine komplexen Nuancen zu genie\u00dfen.<\/p>\n<p><strong>ZUTATEN<\/strong><\/p>\n<p>Brauwasser, Gerstenmalz, Hopfen, Zucker<\/p>","protected":false},"featured_media":16937,"template":"","meta":[],"product_brand":[790],"product_cat":[782],"product_tag":[],"class_list":{"0":"post-16936","1":"product","2":"type-product","3":"status-publish","4":"has-post-thumbnail","6":"product_brand-backus","7":"product_cat-bebidas-alcoholicas","10":"first","11":"instock","12":"taxable","13":"shipping-taxable","14":"purchasable","15":"product-type-simple"},"_links":{"self":[{"href":"https:\/\/latinopoint.grupobitnet.com\/de\/wp-json\/wp\/v2\/product\/16936","targetHints":{"allow":["GET"]}}],"collection":[{"href":"https:\/\/latinopoint.grupobitnet.com\/de\/wp-json\/wp\/v2\/product"}],"about":[{"href":"https:\/\/latinopoint.grupobitnet.com\/de\/wp-json\/wp\/v2\/types\/product"}],"wp:featuredmedia":[{"embeddable":true,"href":"https:\/\/latinopoint.grupobitnet.com\/de\/wp-json\/wp\/v2\/media\/16937"}],"wp:attachment":[{"href":"https:\/\/latinopoint.grupobitnet.com\/de\/wp-json\/wp\/v2\/media?parent=16936"}],"wp:term":[{"taxonomy":"product_brand","embeddable":true,"href":"https:\/\/latinopoint.grupobitnet.com\/de\/wp-json\/wp\/v2\/product_brand?post=16936"},{"taxonomy":"product_cat","embeddable":true,"href":"https:\/\/latinopoint.grupobitnet.com\/de\/wp-json\/wp\/v2\/product_cat?post=16936"},{"taxonomy":"product_tag","embeddable":true,"href":"https:\/\/latinopoint.grupobitnet.com\/de\/wp-json\/wp\/v2\/product_tag?post=16936"}],"curies":[{"name":"wp","href":"https:\/\/api.w.org\/{rel}","templated":true}]}}