{"id":16954,"date":"2025-07-15T09:55:01","date_gmt":"2025-07-15T13:55:01","guid":{"rendered":"https:\/\/latinopoint.grupobitnet.com\/?post_type=product&#038;p=16954"},"modified":"2025-11-29T15:32:06","modified_gmt":"2025-11-29T19:32:06","slug":"cbse-frutos-del-bosque","status":"publish","type":"product","link":"https:\/\/latinopoint.grupobitnet.com\/de\/product\/cbse-frutos-del-bosque\/","title":{"rendered":"CBS\u00e9 Frutos del bosque"},"content":{"rendered":"","protected":false},"excerpt":{"rendered":"<p>CBSe Frutos del Bosque ist eine argentinische Yerba Mate, die traditionelle Yerba Mate mit einem Hauch von roten Fr\u00fcchten wie Blaubeeren, Himbeeren, Kirschen und Erdbeeren sowie einem Hauch von Hagebutten kombiniert. Sein Geschmack wird als s\u00fc\u00df und fruchtig beschrieben, mit Noten von Kirschkaramell und dem Aroma roter Fr\u00fcchte. Er ist eine beliebte Wahl sowohl f\u00fcr Mate als auch f\u00fcr Terer\u00e9 und ist glutenfrei.<\/p>\n<p><strong>ZUTATEN<\/strong><\/p>\n<p>Yerba Mate mit Stielen (llex paraguariensis), nat\u00fcrliches Aroma (Waldfr\u00fcchte), Pfeilwurz<\/p>","protected":false},"featured_media":16955,"template":"","meta":[],"product_brand":[655],"product_cat":[965],"product_tag":[],"class_list":{"0":"post-16954","1":"product","2":"type-product","3":"status-publish","4":"has-post-thumbnail","6":"product_brand-cbse","7":"product_cat-cafe-mate-te-y-cacao","10":"first","11":"instock","12":"taxable","13":"shipping-taxable","14":"purchasable","15":"product-type-simple"},"_links":{"self":[{"href":"https:\/\/latinopoint.grupobitnet.com\/de\/wp-json\/wp\/v2\/product\/16954","targetHints":{"allow":["GET"]}}],"collection":[{"href":"https:\/\/latinopoint.grupobitnet.com\/de\/wp-json\/wp\/v2\/product"}],"about":[{"href":"https:\/\/latinopoint.grupobitnet.com\/de\/wp-json\/wp\/v2\/types\/product"}],"wp:featuredmedia":[{"embeddable":true,"href":"https:\/\/latinopoint.grupobitnet.com\/de\/wp-json\/wp\/v2\/media\/16955"}],"wp:attachment":[{"href":"https:\/\/latinopoint.grupobitnet.com\/de\/wp-json\/wp\/v2\/media?parent=16954"}],"wp:term":[{"taxonomy":"product_brand","embeddable":true,"href":"https:\/\/latinopoint.grupobitnet.com\/de\/wp-json\/wp\/v2\/product_brand?post=16954"},{"taxonomy":"product_cat","embeddable":true,"href":"https:\/\/latinopoint.grupobitnet.com\/de\/wp-json\/wp\/v2\/product_cat?post=16954"},{"taxonomy":"product_tag","embeddable":true,"href":"https:\/\/latinopoint.grupobitnet.com\/de\/wp-json\/wp\/v2\/product_tag?post=16954"}],"curies":[{"name":"wp","href":"https:\/\/api.w.org\/{rel}","templated":true}]}}