{"id":16975,"date":"2025-07-15T11:13:32","date_gmt":"2025-07-15T15:13:32","guid":{"rendered":"https:\/\/latinopoint.grupobitnet.com\/?post_type=product&#038;p=16975"},"modified":"2025-11-29T13:24:10","modified_gmt":"2025-11-29T17:24:10","slug":"flor-de-calabaza-en-salmuera","status":"publish","type":"product","link":"https:\/\/latinopoint.grupobitnet.com\/de\/product\/flor-de-calabaza-en-salmuera\/","title":{"rendered":"Flor de Calabaza en salmuera"},"content":{"rendered":"","protected":false},"excerpt":{"rendered":"<p>Die K\u00fcrbisbl\u00fcte, wie sie von San Miguel angeboten wird, hat einen zarten, leicht s\u00fc\u00dfen Geschmack mit pflanzlichen Noten, \u00e4hnlich wie der K\u00fcrbis selbst. Seine Textur ist weich und wird oft als knusprig beschrieben. In der K\u00fcche wird sie in einer Vielzahl von Gerichten verwendet, von Suppen und Cremes bis hin zu Quesadillas und Eint\u00f6pfen, oft in Kombination mit Epazote, um ihren Geschmack zu verst\u00e4rken.<\/p>\n<p><strong>ZUTATEN<\/strong><\/p>\n<p>K\u00fcrbisblute, Wasser, Jodsalz, S\u00e4uerungsmittel (Zitronens\u00e4ure E330)<\/p>","protected":false},"featured_media":16976,"template":"","meta":[],"product_brand":[795],"product_cat":[963],"product_tag":[],"class_list":{"0":"post-16975","1":"product","2":"type-product","3":"status-publish","4":"has-post-thumbnail","6":"product_brand-san-miguel","7":"product_cat-vegetales-granos-y-productos-secos","10":"first","11":"instock","12":"taxable","13":"shipping-taxable","14":"purchasable","15":"product-type-simple"},"_links":{"self":[{"href":"https:\/\/latinopoint.grupobitnet.com\/de\/wp-json\/wp\/v2\/product\/16975","targetHints":{"allow":["GET"]}}],"collection":[{"href":"https:\/\/latinopoint.grupobitnet.com\/de\/wp-json\/wp\/v2\/product"}],"about":[{"href":"https:\/\/latinopoint.grupobitnet.com\/de\/wp-json\/wp\/v2\/types\/product"}],"wp:featuredmedia":[{"embeddable":true,"href":"https:\/\/latinopoint.grupobitnet.com\/de\/wp-json\/wp\/v2\/media\/16976"}],"wp:attachment":[{"href":"https:\/\/latinopoint.grupobitnet.com\/de\/wp-json\/wp\/v2\/media?parent=16975"}],"wp:term":[{"taxonomy":"product_brand","embeddable":true,"href":"https:\/\/latinopoint.grupobitnet.com\/de\/wp-json\/wp\/v2\/product_brand?post=16975"},{"taxonomy":"product_cat","embeddable":true,"href":"https:\/\/latinopoint.grupobitnet.com\/de\/wp-json\/wp\/v2\/product_cat?post=16975"},{"taxonomy":"product_tag","embeddable":true,"href":"https:\/\/latinopoint.grupobitnet.com\/de\/wp-json\/wp\/v2\/product_tag?post=16975"}],"curies":[{"name":"wp","href":"https:\/\/api.w.org\/{rel}","templated":true}]}}