{"id":17008,"date":"2025-07-15T15:55:09","date_gmt":"2025-07-15T19:55:09","guid":{"rendered":"https:\/\/latinopoint.grupobitnet.com\/?post_type=product&#038;p=17008"},"modified":"2025-11-29T13:23:51","modified_gmt":"2025-11-29T17:23:51","slug":"cheese-whiz","status":"publish","type":"product","link":"https:\/\/latinopoint.grupobitnet.com\/de\/product\/cheese-whiz\/","title":{"rendered":"Cheese Whiz"},"content":{"rendered":"","protected":false},"excerpt":{"rendered":"<p>Cheez Whiz ist eine Schmelzk\u00e4sesauce, die einen unverwechselbaren k\u00e4sigen, leicht salzigen und cremigen Geschmack hat. Sie wird als Beilage zu einer Vielzahl von Lebensmitteln wie Nachos, Chips, Sandwiches und mehr verwendet.<\/p>\n<p><strong>ZUTATEN<\/strong><\/p>\n<p>Starterkulturen, Beta-Carotin (E-160a), Mikroboano-Lab), K\u00e4semischung (Calciumchlorid (E-509), mikrobielles Koagulationsmittel, Starterkulturen), Maisst\u00e4rke, Polyphosphate (E-452), Aroma (Milch), Kaseinat, Milcheiwei\u00df, Zucker, Salz, Guarkernmehl (E-412), Xanthan (E-415), Milchs\u00e4ure (E-270), Kaliumsorbat (E-202), Kaliumsorbat (E-202), Milcheiwei\u00df, Zucker, Salz, Guarkernmehl (E-412), Xanthan (E-415), Milchs\u00e4ure (E-270), Kaliumsorbat (E-202), Sojasauce (Wasser, Sojabohnen, Salz, Maisst\u00e4rke, Kaliumsorbat (E-202)), CMC (E-466), Paprikaextrakt (E-160c), Beta-Carotin (E-160a) und Aromen<\/p>","protected":false},"featured_media":17009,"template":"","meta":[],"product_brand":[680],"product_cat":[558],"product_tag":[],"class_list":{"0":"post-17008","1":"product","2":"type-product","3":"status-publish","4":"has-post-thumbnail","6":"product_brand-campofresco","7":"product_cat-untables-cremas-para-untar","10":"first","11":"instock","12":"taxable","13":"shipping-taxable","14":"purchasable","15":"product-type-simple"},"_links":{"self":[{"href":"https:\/\/latinopoint.grupobitnet.com\/de\/wp-json\/wp\/v2\/product\/17008","targetHints":{"allow":["GET"]}}],"collection":[{"href":"https:\/\/latinopoint.grupobitnet.com\/de\/wp-json\/wp\/v2\/product"}],"about":[{"href":"https:\/\/latinopoint.grupobitnet.com\/de\/wp-json\/wp\/v2\/types\/product"}],"wp:featuredmedia":[{"embeddable":true,"href":"https:\/\/latinopoint.grupobitnet.com\/de\/wp-json\/wp\/v2\/media\/17009"}],"wp:attachment":[{"href":"https:\/\/latinopoint.grupobitnet.com\/de\/wp-json\/wp\/v2\/media?parent=17008"}],"wp:term":[{"taxonomy":"product_brand","embeddable":true,"href":"https:\/\/latinopoint.grupobitnet.com\/de\/wp-json\/wp\/v2\/product_brand?post=17008"},{"taxonomy":"product_cat","embeddable":true,"href":"https:\/\/latinopoint.grupobitnet.com\/de\/wp-json\/wp\/v2\/product_cat?post=17008"},{"taxonomy":"product_tag","embeddable":true,"href":"https:\/\/latinopoint.grupobitnet.com\/de\/wp-json\/wp\/v2\/product_tag?post=17008"}],"curies":[{"name":"wp","href":"https:\/\/api.w.org\/{rel}","templated":true}]}}