{"id":17046,"date":"2025-07-16T16:47:05","date_gmt":"2025-07-16T20:47:05","guid":{"rendered":"https:\/\/latinopoint.grupobitnet.com\/?post_type=product&#038;p=17046"},"modified":"2025-11-29T13:18:41","modified_gmt":"2025-11-29T17:18:41","slug":"bis-branco","status":"publish","type":"product","link":"https:\/\/latinopoint.grupobitnet.com\/de\/product\/bis-branco\/","title":{"rendered":"Bis Branco"},"content":{"rendered":"","protected":false},"excerpt":{"rendered":"<p>Bis Branco ist ein brasilianischer Schokoladenriegel von Lacta. Er zeichnet sich dadurch aus, dass er mit wei\u00dfer Schokolade \u00fcberzogen ist und im Inneren Schichten von knusprigen Keksen enth\u00e4lt. Er ist eine sehr beliebte Leckerei in Brasilien und wird als Snack oder S\u00fc\u00dfigkeit genossen.<\/p>\n<p><strong>ZUTATEN<\/strong><\/p>\n<p>Zucker, Eisen und Fols\u00e4ure angereichertes Weizenmehl, Vitamin B1, B2, B3 und Zink, geh\u00e4rtetes Pflanzenfett, Pflanzenfett, Molkenpulver, Vollmilchpulver, Kakao, Sojamehl, Erdn\u00fcsse, Malzextrakt, Salz, Pflanzen\u00f6l, Reisflocken, Kakaobutter, Pflanzen\u00f6l, Kakaomasse, dehydratisiertes Butterfett, Emulgatoren Sojalecithin und Polyglycerinpolyricinoleat, Backpulver und Aroma.<\/p>","protected":false},"featured_media":17047,"template":"","meta":[],"product_brand":[793],"product_cat":[969],"product_tag":[],"class_list":{"0":"post-17046","1":"product","2":"type-product","3":"status-publish","4":"has-post-thumbnail","6":"product_brand-lacta","7":"product_cat-dulces-y-galletas","10":"first","11":"instock","12":"taxable","13":"shipping-taxable","14":"purchasable","15":"product-type-simple"},"_links":{"self":[{"href":"https:\/\/latinopoint.grupobitnet.com\/de\/wp-json\/wp\/v2\/product\/17046","targetHints":{"allow":["GET"]}}],"collection":[{"href":"https:\/\/latinopoint.grupobitnet.com\/de\/wp-json\/wp\/v2\/product"}],"about":[{"href":"https:\/\/latinopoint.grupobitnet.com\/de\/wp-json\/wp\/v2\/types\/product"}],"wp:featuredmedia":[{"embeddable":true,"href":"https:\/\/latinopoint.grupobitnet.com\/de\/wp-json\/wp\/v2\/media\/17047"}],"wp:attachment":[{"href":"https:\/\/latinopoint.grupobitnet.com\/de\/wp-json\/wp\/v2\/media?parent=17046"}],"wp:term":[{"taxonomy":"product_brand","embeddable":true,"href":"https:\/\/latinopoint.grupobitnet.com\/de\/wp-json\/wp\/v2\/product_brand?post=17046"},{"taxonomy":"product_cat","embeddable":true,"href":"https:\/\/latinopoint.grupobitnet.com\/de\/wp-json\/wp\/v2\/product_cat?post=17046"},{"taxonomy":"product_tag","embeddable":true,"href":"https:\/\/latinopoint.grupobitnet.com\/de\/wp-json\/wp\/v2\/product_tag?post=17046"}],"curies":[{"name":"wp","href":"https:\/\/api.w.org\/{rel}","templated":true}]}}