{"id":17055,"date":"2025-07-16T17:09:15","date_gmt":"2025-07-16T21:09:15","guid":{"rendered":"https:\/\/latinopoint.grupobitnet.com\/?post_type=product&#038;p=17055"},"modified":"2025-11-29T13:20:17","modified_gmt":"2025-11-29T17:20:17","slug":"sazonador-comino-molido","status":"publish","type":"product","link":"https:\/\/latinopoint.grupobitnet.com\/de\/product\/sazonador-comino-molido\/","title":{"rendered":"Sazonador Comino Molido"},"content":{"rendered":"","protected":false},"excerpt":{"rendered":"<p>Gemahlener Kreuzk\u00fcmmel, oder einfach gemahlener Kreuzk\u00fcmmel, ist ein Gew\u00fcrz, das aus den Samen der Cuminum cyminum Pflanze gewonnen wird. Es hat einen erdigen, leicht bitteren und warmen Geschmack mit einem Hauch von Zitrusfr\u00fcchten. Es ist ein unverzichtbares Gew\u00fcrz in der lateinamerikanischen K\u00fcche, insbesondere in der mexikanischen, und wird f\u00fcr eine Vielzahl von Gerichten verwendet.<\/p>\n<p><strong>ZUTATEN<\/strong><\/p>\n<p>Koriander, Maismehl, Kreuzk\u00fcmmel, E-155<\/p>","protected":false},"featured_media":17056,"template":"","meta":[],"product_brand":[549],"product_cat":[966],"product_tag":[],"class_list":{"0":"post-17055","1":"product","2":"type-product","3":"status-publish","4":"has-post-thumbnail","6":"product_brand-america","7":"product_cat-especias-pastas-para-marinar-y-mole","10":"first","11":"instock","12":"taxable","13":"shipping-taxable","14":"purchasable","15":"product-type-simple"},"_links":{"self":[{"href":"https:\/\/latinopoint.grupobitnet.com\/de\/wp-json\/wp\/v2\/product\/17055","targetHints":{"allow":["GET"]}}],"collection":[{"href":"https:\/\/latinopoint.grupobitnet.com\/de\/wp-json\/wp\/v2\/product"}],"about":[{"href":"https:\/\/latinopoint.grupobitnet.com\/de\/wp-json\/wp\/v2\/types\/product"}],"wp:featuredmedia":[{"embeddable":true,"href":"https:\/\/latinopoint.grupobitnet.com\/de\/wp-json\/wp\/v2\/media\/17056"}],"wp:attachment":[{"href":"https:\/\/latinopoint.grupobitnet.com\/de\/wp-json\/wp\/v2\/media?parent=17055"}],"wp:term":[{"taxonomy":"product_brand","embeddable":true,"href":"https:\/\/latinopoint.grupobitnet.com\/de\/wp-json\/wp\/v2\/product_brand?post=17055"},{"taxonomy":"product_cat","embeddable":true,"href":"https:\/\/latinopoint.grupobitnet.com\/de\/wp-json\/wp\/v2\/product_cat?post=17055"},{"taxonomy":"product_tag","embeddable":true,"href":"https:\/\/latinopoint.grupobitnet.com\/de\/wp-json\/wp\/v2\/product_tag?post=17055"}],"curies":[{"name":"wp","href":"https:\/\/api.w.org\/{rel}","templated":true}]}}