{"id":17106,"date":"2025-07-17T17:23:23","date_gmt":"2025-07-17T21:23:23","guid":{"rendered":"https:\/\/latinopoint.grupobitnet.com\/?post_type=product&#038;p=17106"},"modified":"2025-11-29T13:18:41","modified_gmt":"2025-11-29T17:18:41","slug":"bubbaloo-fresa-morango-box","status":"publish","type":"product","link":"https:\/\/latinopoint.grupobitnet.com\/de\/product\/bubbaloo-fresa-morango-box\/","title":{"rendered":"Bubbaloo Fresa-Morango box"},"content":{"rendered":"","protected":false},"excerpt":{"rendered":"<p>Der Erdbeergeschmack ist der markanteste Geschmack von Bubbaloo Morango, mit einem Ausbruch von S\u00fc\u00dfe, der beim Kauen des Kaugummis zu sp\u00fcren ist. Die fl\u00fcssige Erdbeerf\u00fcllung setzt beim Kauen eine gr\u00f6\u00dfere Intensit\u00e4t des Erdbeergeschmacks frei, was ihn zu einem sehr beliebten Kaugummi macht.<\/p>\n<p><strong>ZUTATEN<\/strong><\/p>\n<p>Zucker, Gummibasis (enth\u00e4lt Sojalecithin), Glukosesirup, Pflanzen\u00f6l, S\u00e4uerungsmittel: Zitronens\u00e4ure, Feuchthaltemittel: Talkum, Feuchthaltemittel: Glycerin, Aroma, S\u00e4ureregulator, Natriumcitrat, Farbstoffe: Allurarot AC, Indigotin<\/p>","protected":false},"featured_media":17107,"template":"","meta":[],"product_brand":[825],"product_cat":[969],"product_tag":[],"class_list":{"0":"post-17106","1":"product","2":"type-product","3":"status-publish","4":"has-post-thumbnail","6":"product_brand-mondelez","7":"product_cat-dulces-y-galletas","10":"first","11":"instock","12":"taxable","13":"shipping-taxable","14":"purchasable","15":"product-type-simple"},"_links":{"self":[{"href":"https:\/\/latinopoint.grupobitnet.com\/de\/wp-json\/wp\/v2\/product\/17106","targetHints":{"allow":["GET"]}}],"collection":[{"href":"https:\/\/latinopoint.grupobitnet.com\/de\/wp-json\/wp\/v2\/product"}],"about":[{"href":"https:\/\/latinopoint.grupobitnet.com\/de\/wp-json\/wp\/v2\/types\/product"}],"wp:featuredmedia":[{"embeddable":true,"href":"https:\/\/latinopoint.grupobitnet.com\/de\/wp-json\/wp\/v2\/media\/17107"}],"wp:attachment":[{"href":"https:\/\/latinopoint.grupobitnet.com\/de\/wp-json\/wp\/v2\/media?parent=17106"}],"wp:term":[{"taxonomy":"product_brand","embeddable":true,"href":"https:\/\/latinopoint.grupobitnet.com\/de\/wp-json\/wp\/v2\/product_brand?post=17106"},{"taxonomy":"product_cat","embeddable":true,"href":"https:\/\/latinopoint.grupobitnet.com\/de\/wp-json\/wp\/v2\/product_cat?post=17106"},{"taxonomy":"product_tag","embeddable":true,"href":"https:\/\/latinopoint.grupobitnet.com\/de\/wp-json\/wp\/v2\/product_tag?post=17106"}],"curies":[{"name":"wp","href":"https:\/\/api.w.org\/{rel}","templated":true}]}}