{"id":17347,"date":"2025-08-19T11:51:10","date_gmt":"2025-08-19T15:51:10","guid":{"rendered":"https:\/\/latinopoint.grupobitnet.com\/?post_type=product&#038;p=17347"},"modified":"2025-11-24T17:31:06","modified_gmt":"2025-11-24T21:31:06","slug":"manzana-postobon","status":"publish","type":"product","link":"https:\/\/latinopoint.grupobitnet.com\/de\/product\/manzana-postobon\/","title":{"rendered":"Manzana Postobon"},"content":{"rendered":"","protected":false},"excerpt":{"rendered":"<p>Postob\u00f3n Manzana ist ein kolumbianisches Erfrischungsgetr\u00e4nk, das f\u00fcr seinen Apfelgeschmack und seine charakteristische rosa Farbe bekannt ist. Es ist ein s\u00fc\u00dfes, erfrischendes und sprudelndes Getr\u00e4nk, das in Kolumbien gerne zu den Mahlzeiten oder in besonderen Momenten getrunken wird. Sein Geschmack wird als s\u00fc\u00df und fruchtig beschrieben, mit einem unverwechselbaren Hauch von Apfel.<\/p>\n<p><strong>ZUTATEN<\/strong><\/p>\n<p>Kohlens\u00e4ure, Zucker, S\u00e4uerungsmittel (E 330), Aromen, Konservierungsstoffe (E 211), S\u00fc\u00dfungsmittel (E 951*, E 950) und Farbstoffe (E 122**, E102**, E 151). *Enth\u00e4lt Aspartam (eine Quelle f\u00fcr Phenylalanin). **E 122, E102: kann sich negativ auf die Aktivit\u00e4t und Aufmerksamkeit von Kindern auswirken.<\/p>","protected":false},"featured_media":17348,"template":"","meta":[],"product_brand":[874],"product_cat":[964],"product_tag":[],"class_list":{"0":"post-17347","1":"product","2":"type-product","3":"status-publish","4":"has-post-thumbnail","6":"product_brand-postobon","7":"product_cat-bebidas","10":"first","11":"instock","12":"taxable","13":"shipping-taxable","14":"purchasable","15":"product-type-simple"},"_links":{"self":[{"href":"https:\/\/latinopoint.grupobitnet.com\/de\/wp-json\/wp\/v2\/product\/17347","targetHints":{"allow":["GET"]}}],"collection":[{"href":"https:\/\/latinopoint.grupobitnet.com\/de\/wp-json\/wp\/v2\/product"}],"about":[{"href":"https:\/\/latinopoint.grupobitnet.com\/de\/wp-json\/wp\/v2\/types\/product"}],"wp:featuredmedia":[{"embeddable":true,"href":"https:\/\/latinopoint.grupobitnet.com\/de\/wp-json\/wp\/v2\/media\/17348"}],"wp:attachment":[{"href":"https:\/\/latinopoint.grupobitnet.com\/de\/wp-json\/wp\/v2\/media?parent=17347"}],"wp:term":[{"taxonomy":"product_brand","embeddable":true,"href":"https:\/\/latinopoint.grupobitnet.com\/de\/wp-json\/wp\/v2\/product_brand?post=17347"},{"taxonomy":"product_cat","embeddable":true,"href":"https:\/\/latinopoint.grupobitnet.com\/de\/wp-json\/wp\/v2\/product_cat?post=17347"},{"taxonomy":"product_tag","embeddable":true,"href":"https:\/\/latinopoint.grupobitnet.com\/de\/wp-json\/wp\/v2\/product_tag?post=17347"}],"curies":[{"name":"wp","href":"https:\/\/api.w.org\/{rel}","templated":true}]}}