{"id":17448,"date":"2025-08-30T12:01:59","date_gmt":"2025-08-30T16:01:59","guid":{"rendered":"https:\/\/latinopoint.grupobitnet.com\/?post_type=product&#038;p=17448"},"modified":"2025-11-29T13:20:16","modified_gmt":"2025-11-29T17:20:16","slug":"sazon-con-azafran","status":"publish","type":"product","link":"https:\/\/latinopoint.grupobitnet.com\/de\/product\/sazon-con-azafran\/","title":{"rendered":"Saz\u00f3n con Azafr\u00e1n"},"content":{"rendered":"","protected":false},"excerpt":{"rendered":"<p>Saz\u00f3n con Azafr\u00e1n Goya ist ein Gew\u00fcrz, das Gew\u00fcrze und Safran kombiniert, um den Geschmack und die Farbe von Speisen zu verbessern. Sein Geschmack ist erdig und pikant, ohne scharf zu sein, und der Safran verleiht ihm eine unverwechselbare goldene Note. Es ist vielseitig einsetzbar und kann f\u00fcr eine Vielzahl von Zubereitungen verwendet werden, z. B. f\u00fcr Reis, Eint\u00f6pfe, Fleisch, Gefl\u00fcgel und Meeresfr\u00fcchte.<\/p>\n<p><strong>ZUTATEN<\/strong><\/p>\n<p>Mononatriumglutamat, Salz, dehydrierter Knoblauch, Kreuzk\u00fcmmel, Gelb 5, Tricalciumphosphat (Trennmittel), Annatto (Farbstoff), mexikanischer Safran, Curcuma (Farbstoff), Rot 40<\/p>","protected":false},"featured_media":17452,"template":"","meta":[],"product_brand":[716],"product_cat":[966],"product_tag":[],"class_list":{"0":"post-17448","1":"product","2":"type-product","3":"status-publish","4":"has-post-thumbnail","6":"product_brand-goya","7":"product_cat-especias-pastas-para-marinar-y-mole","10":"first","11":"instock","12":"taxable","13":"shipping-taxable","14":"purchasable","15":"product-type-simple"},"_links":{"self":[{"href":"https:\/\/latinopoint.grupobitnet.com\/de\/wp-json\/wp\/v2\/product\/17448","targetHints":{"allow":["GET"]}}],"collection":[{"href":"https:\/\/latinopoint.grupobitnet.com\/de\/wp-json\/wp\/v2\/product"}],"about":[{"href":"https:\/\/latinopoint.grupobitnet.com\/de\/wp-json\/wp\/v2\/types\/product"}],"wp:featuredmedia":[{"embeddable":true,"href":"https:\/\/latinopoint.grupobitnet.com\/de\/wp-json\/wp\/v2\/media\/17452"}],"wp:attachment":[{"href":"https:\/\/latinopoint.grupobitnet.com\/de\/wp-json\/wp\/v2\/media?parent=17448"}],"wp:term":[{"taxonomy":"product_brand","embeddable":true,"href":"https:\/\/latinopoint.grupobitnet.com\/de\/wp-json\/wp\/v2\/product_brand?post=17448"},{"taxonomy":"product_cat","embeddable":true,"href":"https:\/\/latinopoint.grupobitnet.com\/de\/wp-json\/wp\/v2\/product_cat?post=17448"},{"taxonomy":"product_tag","embeddable":true,"href":"https:\/\/latinopoint.grupobitnet.com\/de\/wp-json\/wp\/v2\/product_tag?post=17448"}],"curies":[{"name":"wp","href":"https:\/\/api.w.org\/{rel}","templated":true}]}}