{"id":17449,"date":"2025-08-30T12:10:40","date_gmt":"2025-08-30T16:10:40","guid":{"rendered":"https:\/\/latinopoint.grupobitnet.com\/?post_type=product&#038;p=17449"},"modified":"2025-11-29T13:20:16","modified_gmt":"2025-11-29T17:20:16","slug":"sazonador-total-the-perfect-seasoning","status":"publish","type":"product","link":"https:\/\/latinopoint.grupobitnet.com\/de\/product\/sazonador-total-the-perfect-seasoning\/","title":{"rendered":"Sazonador Total &#8211; The perfect Seasoning"},"content":{"rendered":"","protected":false},"excerpt":{"rendered":"<p>Sazonador Total von Goya, bekannt als \u201eDas perfekte Gew\u00fcrz\u201c, ist eine Mischung aus Gew\u00fcrzen und Kr\u00e4utern, die den nat\u00fcrlichen Geschmack von Lebensmitteln verst\u00e4rkt. Sein Geschmack ist eine ausgewogene Kombination aus Knoblauch, Zwiebel, Oregano, Petersilie, Kreuzk\u00fcmmel und anderen Zutaten, die es zu einem vielseitigen Gew\u00fcrz f\u00fcr Fleisch, Gefl\u00fcgel, Fisch, Gem\u00fcse, Suppen und Salate macht.<\/p>\n<p><strong>ZUTATEN<\/strong><\/p>\n<p>granulierter Knoblauch, granulierte Zwiebel, Mononatriumglutamat, Salz, Petersilie, Kreuzk\u00fcmmel, Oregano, Tricalciumphosphat, (Trennmittel)<\/p>","protected":false},"featured_media":17450,"template":"","meta":[],"product_brand":[716],"product_cat":[966],"product_tag":[],"class_list":{"0":"post-17449","1":"product","2":"type-product","3":"status-publish","4":"has-post-thumbnail","6":"product_brand-goya","7":"product_cat-especias-pastas-para-marinar-y-mole","10":"first","11":"instock","12":"taxable","13":"shipping-taxable","14":"purchasable","15":"product-type-simple"},"_links":{"self":[{"href":"https:\/\/latinopoint.grupobitnet.com\/de\/wp-json\/wp\/v2\/product\/17449","targetHints":{"allow":["GET"]}}],"collection":[{"href":"https:\/\/latinopoint.grupobitnet.com\/de\/wp-json\/wp\/v2\/product"}],"about":[{"href":"https:\/\/latinopoint.grupobitnet.com\/de\/wp-json\/wp\/v2\/types\/product"}],"wp:featuredmedia":[{"embeddable":true,"href":"https:\/\/latinopoint.grupobitnet.com\/de\/wp-json\/wp\/v2\/media\/17450"}],"wp:attachment":[{"href":"https:\/\/latinopoint.grupobitnet.com\/de\/wp-json\/wp\/v2\/media?parent=17449"}],"wp:term":[{"taxonomy":"product_brand","embeddable":true,"href":"https:\/\/latinopoint.grupobitnet.com\/de\/wp-json\/wp\/v2\/product_brand?post=17449"},{"taxonomy":"product_cat","embeddable":true,"href":"https:\/\/latinopoint.grupobitnet.com\/de\/wp-json\/wp\/v2\/product_cat?post=17449"},{"taxonomy":"product_tag","embeddable":true,"href":"https:\/\/latinopoint.grupobitnet.com\/de\/wp-json\/wp\/v2\/product_tag?post=17449"}],"curies":[{"name":"wp","href":"https:\/\/api.w.org\/{rel}","templated":true}]}}