{"id":17460,"date":"2025-08-30T12:59:17","date_gmt":"2025-08-30T16:59:17","guid":{"rendered":"https:\/\/latinopoint.grupobitnet.com\/?post_type=product&#038;p=17460"},"modified":"2025-11-29T13:22:48","modified_gmt":"2025-11-29T17:22:48","slug":"sazon-liquido-ranchero-original","status":"publish","type":"product","link":"https:\/\/latinopoint.grupobitnet.com\/de\/product\/sazon-liquido-ranchero-original\/","title":{"rendered":"Saz\u00f3n l\u00edquido Ranchero original"},"content":{"rendered":"","protected":false},"excerpt":{"rendered":"<p>Sazon Ranchero ist ein sehr beliebtes Gew\u00fcrz in der lateinamerikanischen K\u00fcche, insbesondere in der Dominikanischen Republik, das sich durch seinen kr\u00e4ftigen und vielseitigen Geschmack auszeichnet. Es wird zum W\u00fcrzen einer Vielzahl von Gerichten wie Fleisch, Huhn, Fisch, Bohnen und Gem\u00fcse verwendet. Der Geschmack kann je nach Marke etwas variieren, besteht aber in der Regel aus einer Basis aus Tomaten, Zwiebeln, Knoblauch, Paprika und verschiedenen Gew\u00fcrzen wie Oregano, Kreuzk\u00fcmmel und manchmal einem Hauch von Sch\u00e4rfe.<\/p>\n<p><strong>ZUTATEN<\/strong><\/p>\n<p>Wasser, Tomate (20,55%), Essig, rote und gr\u00fcne Paprika (10%), Salz, Zwiebel (7%), Maisst\u00e4rke, Zucker, Knoblauch (2%), Geschmacksverst\u00e4rker: Glutamat, Mononatrium (E-621), Kapern, Oregano, S\u00e4ureregulator: Zitronens\u00e4ure (E-330), Sellerie (0,1%), Stabilisator: Natriumcarboxymethylcellulose (E-446), Konservierungsstoffe: Natriumbenzoat (E-211) und Kaliumsorbat (E-202).<\/p>","protected":false},"featured_media":17461,"template":"","meta":[],"product_brand":[890],"product_cat":[967],"product_tag":[],"class_list":{"0":"post-17460","1":"product","2":"type-product","3":"status-publish","4":"has-post-thumbnail","6":"product_brand-baldom","7":"product_cat-salsas","10":"first","11":"instock","12":"taxable","13":"shipping-taxable","14":"purchasable","15":"product-type-simple"},"_links":{"self":[{"href":"https:\/\/latinopoint.grupobitnet.com\/de\/wp-json\/wp\/v2\/product\/17460","targetHints":{"allow":["GET"]}}],"collection":[{"href":"https:\/\/latinopoint.grupobitnet.com\/de\/wp-json\/wp\/v2\/product"}],"about":[{"href":"https:\/\/latinopoint.grupobitnet.com\/de\/wp-json\/wp\/v2\/types\/product"}],"wp:featuredmedia":[{"embeddable":true,"href":"https:\/\/latinopoint.grupobitnet.com\/de\/wp-json\/wp\/v2\/media\/17461"}],"wp:attachment":[{"href":"https:\/\/latinopoint.grupobitnet.com\/de\/wp-json\/wp\/v2\/media?parent=17460"}],"wp:term":[{"taxonomy":"product_brand","embeddable":true,"href":"https:\/\/latinopoint.grupobitnet.com\/de\/wp-json\/wp\/v2\/product_brand?post=17460"},{"taxonomy":"product_cat","embeddable":true,"href":"https:\/\/latinopoint.grupobitnet.com\/de\/wp-json\/wp\/v2\/product_cat?post=17460"},{"taxonomy":"product_tag","embeddable":true,"href":"https:\/\/latinopoint.grupobitnet.com\/de\/wp-json\/wp\/v2\/product_tag?post=17460"}],"curies":[{"name":"wp","href":"https:\/\/api.w.org\/{rel}","templated":true}]}}