{"id":17463,"date":"2025-08-30T13:04:35","date_gmt":"2025-08-30T17:04:35","guid":{"rendered":"https:\/\/latinopoint.grupobitnet.com\/?post_type=product&#038;p=17463"},"modified":"2025-11-29T13:18:41","modified_gmt":"2025-11-29T17:18:41","slug":"rosquillas-mixtas-somotenas","status":"publish","type":"product","link":"https:\/\/latinopoint.grupobitnet.com\/de\/product\/rosquillas-mixtas-somotenas\/","title":{"rendered":"Rosquillas mixtas somote\u00f1as"},"content":{"rendered":"","protected":false},"excerpt":{"rendered":"<p>Rosquillas mixtas somote\u00f1as sind eine Art traditionelles nicaraguanisches Geb\u00e4ck, das speziell aus der Stadt Somoto im Departement Madriz stammt. Sie zeichnen sich durch ihre runde Form und knusprige Textur aus und werden haupts\u00e4chlich aus Mais, K\u00e4se und Butter hergestellt. Ihr Geschmack ist salzig, mit einem Hauch von K\u00e4se und einer leichten S\u00fc\u00dfe, die je nach Rezept variiert und je nachdem, ob Zucker oder Karamell hinzugef\u00fcgt wird. Sie sind ideal zum Kaffee oder als Snack zu jeder Tageszeit.<\/p>\n<p><strong>ZUTATEN<\/strong><\/p>\n<p>Maismehl, K\u00e4se, Margarine, Ei, Wasser, Salz, Dulce de Panela<\/p>","protected":false},"featured_media":17464,"template":"","meta":[],"product_brand":[549],"product_cat":[969],"product_tag":[],"class_list":{"0":"post-17463","1":"product","2":"type-product","3":"status-publish","4":"has-post-thumbnail","6":"product_brand-america","7":"product_cat-dulces-y-galletas","10":"first","11":"instock","12":"taxable","13":"shipping-taxable","14":"purchasable","15":"product-type-simple"},"_links":{"self":[{"href":"https:\/\/latinopoint.grupobitnet.com\/de\/wp-json\/wp\/v2\/product\/17463","targetHints":{"allow":["GET"]}}],"collection":[{"href":"https:\/\/latinopoint.grupobitnet.com\/de\/wp-json\/wp\/v2\/product"}],"about":[{"href":"https:\/\/latinopoint.grupobitnet.com\/de\/wp-json\/wp\/v2\/types\/product"}],"wp:featuredmedia":[{"embeddable":true,"href":"https:\/\/latinopoint.grupobitnet.com\/de\/wp-json\/wp\/v2\/media\/17464"}],"wp:attachment":[{"href":"https:\/\/latinopoint.grupobitnet.com\/de\/wp-json\/wp\/v2\/media?parent=17463"}],"wp:term":[{"taxonomy":"product_brand","embeddable":true,"href":"https:\/\/latinopoint.grupobitnet.com\/de\/wp-json\/wp\/v2\/product_brand?post=17463"},{"taxonomy":"product_cat","embeddable":true,"href":"https:\/\/latinopoint.grupobitnet.com\/de\/wp-json\/wp\/v2\/product_cat?post=17463"},{"taxonomy":"product_tag","embeddable":true,"href":"https:\/\/latinopoint.grupobitnet.com\/de\/wp-json\/wp\/v2\/product_tag?post=17463"}],"curies":[{"name":"wp","href":"https:\/\/api.w.org\/{rel}","templated":true}]}}