{"id":17475,"date":"2025-08-30T13:29:08","date_gmt":"2025-08-30T17:29:08","guid":{"rendered":"https:\/\/latinopoint.grupobitnet.com\/?post_type=product&#038;p=17475"},"modified":"2025-11-29T13:22:47","modified_gmt":"2025-11-29T17:22:47","slug":"salsa-verde-la-costena-250g","status":"publish","type":"product","link":"https:\/\/latinopoint.grupobitnet.com\/de\/product\/salsa-verde-la-costena-250g\/","title":{"rendered":"Salsa verde la costena 250g"},"content":{"rendered":"","protected":false},"excerpt":{"rendered":"<p>Esta aut\u00e9ntica salsa verde combina armoniosamente el sabor de los\u00a0tomatillos frescos, chiles ligeramente picantes y especias como el cilantro.<\/p>\n<p><strong>ZUTATEN<\/strong><\/p>\n<p>Tomatillos (gr\u00fcne Tomaten) Koriander, Jodsalz, Mischung aus verschieden gr\u00fcne chilis, Gew\u00fcrze, Weins\u00e4ure (als S\u00e4ureregulator)<\/p>","protected":false},"featured_media":17476,"template":"","meta":[],"product_brand":[653],"product_cat":[967],"product_tag":[],"class_list":{"0":"post-17475","1":"product","2":"type-product","3":"status-publish","4":"has-post-thumbnail","6":"product_brand-la-costena","7":"product_cat-salsas","10":"first","11":"instock","12":"taxable","13":"shipping-taxable","14":"purchasable","15":"product-type-simple"},"_links":{"self":[{"href":"https:\/\/latinopoint.grupobitnet.com\/de\/wp-json\/wp\/v2\/product\/17475","targetHints":{"allow":["GET"]}}],"collection":[{"href":"https:\/\/latinopoint.grupobitnet.com\/de\/wp-json\/wp\/v2\/product"}],"about":[{"href":"https:\/\/latinopoint.grupobitnet.com\/de\/wp-json\/wp\/v2\/types\/product"}],"wp:featuredmedia":[{"embeddable":true,"href":"https:\/\/latinopoint.grupobitnet.com\/de\/wp-json\/wp\/v2\/media\/17476"}],"wp:attachment":[{"href":"https:\/\/latinopoint.grupobitnet.com\/de\/wp-json\/wp\/v2\/media?parent=17475"}],"wp:term":[{"taxonomy":"product_brand","embeddable":true,"href":"https:\/\/latinopoint.grupobitnet.com\/de\/wp-json\/wp\/v2\/product_brand?post=17475"},{"taxonomy":"product_cat","embeddable":true,"href":"https:\/\/latinopoint.grupobitnet.com\/de\/wp-json\/wp\/v2\/product_cat?post=17475"},{"taxonomy":"product_tag","embeddable":true,"href":"https:\/\/latinopoint.grupobitnet.com\/de\/wp-json\/wp\/v2\/product_tag?post=17475"}],"curies":[{"name":"wp","href":"https:\/\/api.w.org\/{rel}","templated":true}]}}