{"id":17547,"date":"2025-09-08T13:48:53","date_gmt":"2025-09-08T17:48:53","guid":{"rendered":"https:\/\/latinopoint.grupobitnet.com\/?post_type=product&#038;p=17547"},"modified":"2025-11-29T13:22:25","modified_gmt":"2025-11-29T17:22:25","slug":"individueller-couscous-zubereiter-farbe-metal","status":"publish","type":"product","link":"https:\/\/latinopoint.grupobitnet.com\/de\/product\/individueller-couscous-zubereiter-farbe-metal\/","title":{"rendered":"individueller Couscous-Zubereiter &#8211; Farbe Metal"},"content":{"rendered":"","protected":false},"excerpt":{"rendered":"<p>Eine Cuscuzeira ist ein K\u00fcchenutensil, das zum D\u00e4mpfen von Cuscuz, einer nordafrikanischen und brasilianischen Spezialit\u00e4t, verwendet wird.\u00a0Es handelt sich um eine spezielle Art von Topf, der aus zwei Teilen besteht: einem unteren Teil, in dem Wasser gekocht wird, und einem oberen Teil mit L\u00f6chern, in dem der Cuscuz ged\u00e4mpft wird.\u00a0<\/p>\n<p><strong>ZUTATEN<\/strong><\/p>\n<p>&#8211;<\/p>","protected":false},"featured_media":17548,"template":"","meta":[],"product_brand":[926],"product_cat":[913],"product_tag":[],"class_list":{"0":"post-17547","1":"product","2":"type-product","3":"status-publish","4":"has-post-thumbnail","6":"product_brand-arnix","7":"product_cat-no-comestibles-otros-productos","10":"first","11":"instock","12":"taxable","13":"shipping-taxable","14":"purchasable","15":"product-type-simple"},"_links":{"self":[{"href":"https:\/\/latinopoint.grupobitnet.com\/de\/wp-json\/wp\/v2\/product\/17547","targetHints":{"allow":["GET"]}}],"collection":[{"href":"https:\/\/latinopoint.grupobitnet.com\/de\/wp-json\/wp\/v2\/product"}],"about":[{"href":"https:\/\/latinopoint.grupobitnet.com\/de\/wp-json\/wp\/v2\/types\/product"}],"wp:featuredmedia":[{"embeddable":true,"href":"https:\/\/latinopoint.grupobitnet.com\/de\/wp-json\/wp\/v2\/media\/17548"}],"wp:attachment":[{"href":"https:\/\/latinopoint.grupobitnet.com\/de\/wp-json\/wp\/v2\/media?parent=17547"}],"wp:term":[{"taxonomy":"product_brand","embeddable":true,"href":"https:\/\/latinopoint.grupobitnet.com\/de\/wp-json\/wp\/v2\/product_brand?post=17547"},{"taxonomy":"product_cat","embeddable":true,"href":"https:\/\/latinopoint.grupobitnet.com\/de\/wp-json\/wp\/v2\/product_cat?post=17547"},{"taxonomy":"product_tag","embeddable":true,"href":"https:\/\/latinopoint.grupobitnet.com\/de\/wp-json\/wp\/v2\/product_tag?post=17547"}],"curies":[{"name":"wp","href":"https:\/\/api.w.org\/{rel}","templated":true}]}}