{"id":17556,"date":"2025-09-08T14:02:15","date_gmt":"2025-09-08T18:02:15","guid":{"rendered":"https:\/\/latinopoint.grupobitnet.com\/?post_type=product&#038;p=17556"},"modified":"2025-11-29T13:22:25","modified_gmt":"2025-11-29T17:22:25","slug":"prensa-para-tortilla-aluminio","status":"publish","type":"product","link":"https:\/\/latinopoint.grupobitnet.com\/de\/product\/prensa-para-tortilla-aluminio\/","title":{"rendered":"Prensa para tortilla &#8211; Aluminio"},"content":{"rendered":"","protected":false},"excerpt":{"rendered":"<p>Mit einer Tortillapresse, auch Tortillamaker genannt, werden Mais- oder Mehlteigb\u00e4llchen zu d\u00fcnnen, runden Tortillas geformt, die dann zum Backen bereit sind. Sie ist ein traditionelles Werkzeug der mexikanischen und lateinamerikanischen K\u00fcche und dient der schnellen und gleichm\u00e4\u00dfigen Herstellung von Tortillas.<\/p>\n<p><strong>ZUTATEN<\/strong><\/p>\n<p>Aluminium<\/p>","protected":false},"featured_media":17557,"template":"","meta":[],"product_brand":[931],"product_cat":[913],"product_tag":[],"class_list":{"0":"post-17556","1":"product","2":"type-product","3":"status-publish","4":"has-post-thumbnail","6":"product_brand-mex","7":"product_cat-no-comestibles-otros-productos","10":"first","11":"instock","12":"taxable","13":"shipping-taxable","14":"purchasable","15":"product-type-simple"},"_links":{"self":[{"href":"https:\/\/latinopoint.grupobitnet.com\/de\/wp-json\/wp\/v2\/product\/17556","targetHints":{"allow":["GET"]}}],"collection":[{"href":"https:\/\/latinopoint.grupobitnet.com\/de\/wp-json\/wp\/v2\/product"}],"about":[{"href":"https:\/\/latinopoint.grupobitnet.com\/de\/wp-json\/wp\/v2\/types\/product"}],"wp:featuredmedia":[{"embeddable":true,"href":"https:\/\/latinopoint.grupobitnet.com\/de\/wp-json\/wp\/v2\/media\/17557"}],"wp:attachment":[{"href":"https:\/\/latinopoint.grupobitnet.com\/de\/wp-json\/wp\/v2\/media?parent=17556"}],"wp:term":[{"taxonomy":"product_brand","embeddable":true,"href":"https:\/\/latinopoint.grupobitnet.com\/de\/wp-json\/wp\/v2\/product_brand?post=17556"},{"taxonomy":"product_cat","embeddable":true,"href":"https:\/\/latinopoint.grupobitnet.com\/de\/wp-json\/wp\/v2\/product_cat?post=17556"},{"taxonomy":"product_tag","embeddable":true,"href":"https:\/\/latinopoint.grupobitnet.com\/de\/wp-json\/wp\/v2\/product_tag?post=17556"}],"curies":[{"name":"wp","href":"https:\/\/api.w.org\/{rel}","templated":true}]}}