{"id":17564,"date":"2025-09-08T14:15:16","date_gmt":"2025-09-08T18:15:16","guid":{"rendered":"https:\/\/latinopoint.grupobitnet.com\/?post_type=product&#038;p=17564"},"modified":"2025-11-29T13:22:25","modified_gmt":"2025-11-29T17:22:25","slug":"molinillo-de-madera","status":"publish","type":"product","link":"https:\/\/latinopoint.grupobitnet.com\/de\/product\/molinillo-de-madera\/","title":{"rendered":"Molinillo de Madera"},"content":{"rendered":"","protected":false},"excerpt":{"rendered":"<p>Der kolumbianische Milchaufsch\u00e4umer ist ein Utensil aus Holz, das traditionell in Kolumbien und anderen lateinamerikanischen L\u00e4ndern verwendet wird, um hei\u00dfe Getr\u00e4nke wie Schokolade aufzusch\u00e4umen. Man dreht ihn zwischen den H\u00e4nden, um das Getr\u00e4nk zu verquirlen und eine schaumige Konsistenz zu erzielen.<\/p>\n<p><strong>ZUTATEN<\/strong><\/p>\n<p>Holz<\/p>","protected":false},"featured_media":17573,"template":"","meta":[],"product_brand":[762],"product_cat":[913],"product_tag":[],"class_list":{"0":"post-17564","1":"product","2":"type-product","3":"status-publish","4":"has-post-thumbnail","6":"product_brand-coexito-2","7":"product_cat-no-comestibles-otros-productos","10":"first","11":"instock","12":"taxable","13":"shipping-taxable","14":"purchasable","15":"product-type-simple"},"_links":{"self":[{"href":"https:\/\/latinopoint.grupobitnet.com\/de\/wp-json\/wp\/v2\/product\/17564","targetHints":{"allow":["GET"]}}],"collection":[{"href":"https:\/\/latinopoint.grupobitnet.com\/de\/wp-json\/wp\/v2\/product"}],"about":[{"href":"https:\/\/latinopoint.grupobitnet.com\/de\/wp-json\/wp\/v2\/types\/product"}],"wp:featuredmedia":[{"embeddable":true,"href":"https:\/\/latinopoint.grupobitnet.com\/de\/wp-json\/wp\/v2\/media\/17573"}],"wp:attachment":[{"href":"https:\/\/latinopoint.grupobitnet.com\/de\/wp-json\/wp\/v2\/media?parent=17564"}],"wp:term":[{"taxonomy":"product_brand","embeddable":true,"href":"https:\/\/latinopoint.grupobitnet.com\/de\/wp-json\/wp\/v2\/product_brand?post=17564"},{"taxonomy":"product_cat","embeddable":true,"href":"https:\/\/latinopoint.grupobitnet.com\/de\/wp-json\/wp\/v2\/product_cat?post=17564"},{"taxonomy":"product_tag","embeddable":true,"href":"https:\/\/latinopoint.grupobitnet.com\/de\/wp-json\/wp\/v2\/product_tag?post=17564"}],"curies":[{"name":"wp","href":"https:\/\/api.w.org\/{rel}","templated":true}]}}