{"id":17650,"date":"2025-09-11T11:42:41","date_gmt":"2025-09-11T15:42:41","guid":{"rendered":"https:\/\/latinopoint.grupobitnet.com\/?post_type=product&#038;p=17650"},"modified":"2025-11-29T13:22:24","modified_gmt":"2025-11-29T17:22:24","slug":"colonia-de-ruda","status":"publish","type":"product","link":"https:\/\/latinopoint.grupobitnet.com\/de\/product\/colonia-de-ruda\/","title":{"rendered":"Colonia de Ruda"},"content":{"rendered":"","protected":false},"excerpt":{"rendered":"<p>Raute K\u00f6lnisch Wasser, auch bekannt als Agua de Ruda, ist ein traditioneller peruanischer Duft, der wegen seiner angeblich sch\u00fctzenden und spirituell reinigenden Eigenschaften verwendet wird. Raute, die Pflanze, aus der die Essenz gewonnen wird, besitzt angeblich Eigenschaften, die vor negativen Energien, b\u00f6sen Einfl\u00fcssen und Neid sch\u00fctzen. Sie soll au\u00dferdem Gl\u00fcck und Wohlstand bringen.<\/p>\n<p><strong>ZUTATEN<\/strong><\/p>\n<p>Extrakt aus Rautenbl\u00e4ttern<\/p>","protected":false},"featured_media":17651,"template":"","meta":[],"product_brand":[941],"product_cat":[913],"product_tag":[],"class_list":{"0":"post-17650","1":"product","2":"type-product","3":"status-publish","4":"has-post-thumbnail","6":"product_brand-jota-jota","7":"product_cat-no-comestibles-otros-productos","10":"first","11":"instock","12":"taxable","13":"shipping-taxable","14":"purchasable","15":"product-type-simple"},"_links":{"self":[{"href":"https:\/\/latinopoint.grupobitnet.com\/de\/wp-json\/wp\/v2\/product\/17650","targetHints":{"allow":["GET"]}}],"collection":[{"href":"https:\/\/latinopoint.grupobitnet.com\/de\/wp-json\/wp\/v2\/product"}],"about":[{"href":"https:\/\/latinopoint.grupobitnet.com\/de\/wp-json\/wp\/v2\/types\/product"}],"wp:featuredmedia":[{"embeddable":true,"href":"https:\/\/latinopoint.grupobitnet.com\/de\/wp-json\/wp\/v2\/media\/17651"}],"wp:attachment":[{"href":"https:\/\/latinopoint.grupobitnet.com\/de\/wp-json\/wp\/v2\/media?parent=17650"}],"wp:term":[{"taxonomy":"product_brand","embeddable":true,"href":"https:\/\/latinopoint.grupobitnet.com\/de\/wp-json\/wp\/v2\/product_brand?post=17650"},{"taxonomy":"product_cat","embeddable":true,"href":"https:\/\/latinopoint.grupobitnet.com\/de\/wp-json\/wp\/v2\/product_cat?post=17650"},{"taxonomy":"product_tag","embeddable":true,"href":"https:\/\/latinopoint.grupobitnet.com\/de\/wp-json\/wp\/v2\/product_tag?post=17650"}],"curies":[{"name":"wp","href":"https:\/\/api.w.org\/{rel}","templated":true}]}}