{"id":17687,"date":"2025-09-11T16:48:17","date_gmt":"2025-09-11T20:48:17","guid":{"rendered":"https:\/\/latinopoint.grupobitnet.com\/?post_type=product&#038;p=17687"},"modified":"2025-11-29T13:22:24","modified_gmt":"2025-11-29T17:22:24","slug":"copal","status":"publish","type":"product","link":"https:\/\/latinopoint.grupobitnet.com\/de\/product\/copal\/","title":{"rendered":"Copal"},"content":{"rendered":"","protected":false},"excerpt":{"rendered":"<p>Kopal ist ein aromatisches Pflanzenharz, das aus B\u00e4umen und Str\u00e4uchern der Familie der Burseraceae gewonnen wird und haupts\u00e4chlich f\u00fcr Reinigungsrituale, zur L\u00e4uterung und als Opfergabe in Kulturen wie der mexikanischen verwendet wird. Dar\u00fcber hinaus findet es medizinische Anwendung zur Linderung von Atemwegs- oder Kopfbeschwerden.<\/p>\n<p><strong>ZUTATEN<\/strong><\/p>\n<p>Kopal (Elem\u00ed)<\/p>","protected":false},"featured_media":17688,"template":"","meta":[],"product_brand":[912],"product_cat":[913],"product_tag":[],"class_list":{"0":"post-17687","1":"product","2":"type-product","3":"status-publish","4":"has-post-thumbnail","6":"product_brand-santeria-milagrosa","7":"product_cat-no-comestibles-otros-productos","10":"first","11":"instock","12":"taxable","13":"shipping-taxable","14":"purchasable","15":"product-type-simple"},"_links":{"self":[{"href":"https:\/\/latinopoint.grupobitnet.com\/de\/wp-json\/wp\/v2\/product\/17687","targetHints":{"allow":["GET"]}}],"collection":[{"href":"https:\/\/latinopoint.grupobitnet.com\/de\/wp-json\/wp\/v2\/product"}],"about":[{"href":"https:\/\/latinopoint.grupobitnet.com\/de\/wp-json\/wp\/v2\/types\/product"}],"wp:featuredmedia":[{"embeddable":true,"href":"https:\/\/latinopoint.grupobitnet.com\/de\/wp-json\/wp\/v2\/media\/17688"}],"wp:attachment":[{"href":"https:\/\/latinopoint.grupobitnet.com\/de\/wp-json\/wp\/v2\/media?parent=17687"}],"wp:term":[{"taxonomy":"product_brand","embeddable":true,"href":"https:\/\/latinopoint.grupobitnet.com\/de\/wp-json\/wp\/v2\/product_brand?post=17687"},{"taxonomy":"product_cat","embeddable":true,"href":"https:\/\/latinopoint.grupobitnet.com\/de\/wp-json\/wp\/v2\/product_cat?post=17687"},{"taxonomy":"product_tag","embeddable":true,"href":"https:\/\/latinopoint.grupobitnet.com\/de\/wp-json\/wp\/v2\/product_tag?post=17687"}],"curies":[{"name":"wp","href":"https:\/\/api.w.org\/{rel}","templated":true}]}}