{"id":17776,"date":"2025-10-23T14:10:22","date_gmt":"2025-10-23T18:10:22","guid":{"rendered":"https:\/\/latinopoint.grupobitnet.com\/?post_type=product&#038;p=17776"},"modified":"2025-11-29T13:20:16","modified_gmt":"2025-11-29T17:20:16","slug":"mole-almendrado","status":"publish","type":"product","link":"https:\/\/latinopoint.grupobitnet.com\/de\/product\/mole-almendrado\/","title":{"rendered":"Mole Almendrado"},"content":{"rendered":"","protected":false},"excerpt":{"rendered":"<p>Die Mandel-Mole Do\u00f1a Mar\u00eda wird nach einem Rezept aus ausgew\u00e4hlten Chilis, Samen, Trockenfr\u00fcchten und Mandeln hergestellt, die ihr einen charakteristischen Geschmack verleihen, der etwas milder und karamelliger ist als der anderer Mole-Saucen.<\/p>\n<p><strong>ZUTATEN<\/strong><\/p>\n<p>PPflanzen\u00f6l, Zucker, Chilischoten (Chile pasilla, Chili chili und Chipotle), Biskut (Weizenmehl, Wasser und Natriumbikarbonat), Sesam samen, Erdn\u00fcsse, Rosinen, Mandel (3%), Weizenkleie, nat\u00fcrliche Aromen Karamelfarbe (enth\u00e4lt Sulfite), Inosinat und Natrium Guanylat.<\/p>","protected":false},"featured_media":17777,"template":"","meta":[],"product_brand":[974],"product_cat":[966],"product_tag":[],"class_list":{"0":"post-17776","1":"product","2":"type-product","3":"status-publish","4":"has-post-thumbnail","6":"product_brand-dona-maria","7":"product_cat-especias-pastas-para-marinar-y-mole","10":"first","11":"instock","12":"taxable","13":"shipping-taxable","14":"purchasable","15":"product-type-simple"},"_links":{"self":[{"href":"https:\/\/latinopoint.grupobitnet.com\/de\/wp-json\/wp\/v2\/product\/17776","targetHints":{"allow":["GET"]}}],"collection":[{"href":"https:\/\/latinopoint.grupobitnet.com\/de\/wp-json\/wp\/v2\/product"}],"about":[{"href":"https:\/\/latinopoint.grupobitnet.com\/de\/wp-json\/wp\/v2\/types\/product"}],"wp:featuredmedia":[{"embeddable":true,"href":"https:\/\/latinopoint.grupobitnet.com\/de\/wp-json\/wp\/v2\/media\/17777"}],"wp:attachment":[{"href":"https:\/\/latinopoint.grupobitnet.com\/de\/wp-json\/wp\/v2\/media?parent=17776"}],"wp:term":[{"taxonomy":"product_brand","embeddable":true,"href":"https:\/\/latinopoint.grupobitnet.com\/de\/wp-json\/wp\/v2\/product_brand?post=17776"},{"taxonomy":"product_cat","embeddable":true,"href":"https:\/\/latinopoint.grupobitnet.com\/de\/wp-json\/wp\/v2\/product_cat?post=17776"},{"taxonomy":"product_tag","embeddable":true,"href":"https:\/\/latinopoint.grupobitnet.com\/de\/wp-json\/wp\/v2\/product_tag?post=17776"}],"curies":[{"name":"wp","href":"https:\/\/api.w.org\/{rel}","templated":true}]}}